{"id":1306,"date":"2025-03-13T15:36:54","date_gmt":"2025-03-13T15:36:54","guid":{"rendered":"https:\/\/fmviersen.de\/?page_id=1306"},"modified":"2025-05-13T06:00:56","modified_gmt":"2025-05-13T06:00:56","slug":"vermietung-2","status":"publish","type":"page","link":"https:\/\/fmviersen.de\/en\/vermietung-2\/","title":{"rendered":"Vermietung 2"},"content":{"rendered":"<div data-elementor-type=\"wp-page\" data-elementor-id=\"1306\" class=\"elementor elementor-1306\" data-elementor-post-type=\"page\">\n\t\t\t\t<div class=\"elementor-element elementor-element-6ef8a5b e-flex e-con-boxed e-con e-parent\" data-id=\"6ef8a5b\" data-element_type=\"container\">\n\t\t\t\t\t<div class=\"e-con-inner\">\n\t\t\t\t<div class=\"elementor-element elementor-element-f92287e elementor-widget elementor-widget-heading\" data-id=\"f92287e\" data-element_type=\"widget\" data-widget_type=\"heading.default\">\n\t\t\t\t<div class=\"elementor-widget-container\">\n\t\t\t\t\t<h2 class=\"elementor-heading-title elementor-size-default\">Rental<\/h2>\t\t\t\t<\/div>\n\t\t\t\t<\/div>\n\t\t\t\t<div class=\"elementor-element elementor-element-ec41112 elementor-widget elementor-widget-text-editor\" data-id=\"ec41112\" data-element_type=\"widget\" data-widget_type=\"text-editor.default\">\n\t\t\t\t<div class=\"elementor-widget-container\">\n\t\t\t\t\t\t\t\t\t<p><strong>Our commercial properties can be flexibly adapted according to your needs.<\/strong><\/p>\t\t\t\t\t\t\t\t<\/div>\n\t\t\t\t<\/div>\n\t\t<div class=\"elementor-element elementor-element-49328fb e-grid e-con-full e-con e-child\" data-id=\"49328fb\" data-element_type=\"container\">\n\t\t<div class=\"elementor-element elementor-element-5a550ec e-con-full e-flex e-con e-child\" data-id=\"5a550ec\" data-element_type=\"container\" data-settings=\"{&quot;background_background&quot;:&quot;classic&quot;}\">\n\t\t\t\t<div class=\"elementor-element elementor-element-221ee4f elementor-widget elementor-widget-image\" data-id=\"221ee4f\" data-element_type=\"widget\" data-widget_type=\"image.default\">\n\t\t\t\t<div class=\"elementor-widget-container\">\n\t\t\t\t\t\t\t\t\t\t\t\t\t\t\t<img decoding=\"async\" src=\"https:\/\/fmviersen.de\/wp-content\/uploads\/elementor\/thumbs\/Foto-Gewerbeflache-Feldmuhle-2-r5qi6s14t8gsvvfm8pl9aarnf6ag5bu2zcwm2rkn8g.png\" title=\"Foto Gewerbefl\u00e4che &#8211; Feldm\u00fchle &#8211; 2\" alt=\"Foto Gewerbefl\u00e4che - Feldm\u00fchle - 2\" loading=\"lazy\" \/>\t\t\t\t\t\t\t\t\t\t\t\t\t\t\t<\/div>\n\t\t\t\t<\/div>\n\t\t\t\t<div class=\"elementor-element elementor-element-480bf36 elementor-widget elementor-widget-heading\" data-id=\"480bf36\" data-element_type=\"widget\" data-widget_type=\"heading.default\">\n\t\t\t\t<div class=\"elementor-widget-container\">\n\t\t\t\t\t<h2 class=\"elementor-heading-title elementor-size-default\">Gewerbefl\u00e4chen<\/h2>\t\t\t\t<\/div>\n\t\t\t\t<\/div>\n\t\t\t\t<div class=\"elementor-element elementor-element-2edb64d elementor-widget elementor-widget-button\" data-id=\"2edb64d\" data-element_type=\"widget\" data-widget_type=\"button.default\">\n\t\t\t\t<div class=\"elementor-widget-container\">\n\t\t\t\t\t\t\t\t\t<div class=\"elementor-button-wrapper\">\n\t\t\t\t\t<a class=\"elementor-button elementor-button-link elementor-size-sm elementor-animation-grow\" href=\"https:\/\/fmviersen.de\/en\/bueroraeume-2\/\">\n\t\t\t\t\t\t<span class=\"elementor-button-content-wrapper\">\n\t\t\t\t\t\t\t\t\t<span class=\"elementor-button-text\">Mehr erfahren\u2b95<\/span>\n\t\t\t\t\t<\/span>\n\t\t\t\t\t<\/a>\n\t\t\t\t<\/div>\n\t\t\t\t\t\t\t\t<\/div>\n\t\t\t\t<\/div>\n\t\t\t\t<\/div>\n\t\t<div class=\"elementor-element elementor-element-d6b2b22 e-con-full e-flex e-con e-child\" data-id=\"d6b2b22\" data-element_type=\"container\" data-settings=\"{&quot;background_background&quot;:&quot;classic&quot;}\">\n\t\t\t\t<div class=\"elementor-element elementor-element-2155e15 elementor-widget elementor-widget-image\" data-id=\"2155e15\" data-element_type=\"widget\" data-widget_type=\"image.default\">\n\t\t\t\t<div class=\"elementor-widget-container\">\n\t\t\t\t\t\t\t\t\t\t\t\t\t\t\t<img decoding=\"async\" src=\"https:\/\/fmviersen.de\/wp-content\/uploads\/elementor\/thumbs\/Proberaum-1-p1xepfg76i7gc1loo6ool1xguaa26ivxrfxzyubl40.jpg\" title=\"Proberaum 1\" alt=\"Proberaum 1\" loading=\"lazy\" \/>\t\t\t\t\t\t\t\t\t\t\t\t\t\t\t<\/div>\n\t\t\t\t<\/div>\n\t\t\t\t<div class=\"elementor-element elementor-element-4111f06 elementor-widget elementor-widget-heading\" data-id=\"4111f06\" data-element_type=\"widget\" data-widget_type=\"heading.default\">\n\t\t\t\t<div class=\"elementor-widget-container\">\n\t\t\t\t\t<h2 class=\"elementor-heading-title elementor-size-default\">Rehearsal rooms<\/h2>\t\t\t\t<\/div>\n\t\t\t\t<\/div>\n\t\t\t\t<div class=\"elementor-element elementor-element-c11dfa4 elementor-widget elementor-widget-button\" data-id=\"c11dfa4\" data-element_type=\"widget\" data-widget_type=\"button.default\">\n\t\t\t\t<div class=\"elementor-widget-container\">\n\t\t\t\t\t\t\t\t\t<div class=\"elementor-button-wrapper\">\n\t\t\t\t\t<a class=\"elementor-button elementor-button-link elementor-size-sm elementor-animation-grow\" href=\"https:\/\/fmviersen.de\/en\/proberaeume-2\/\">\n\t\t\t\t\t\t<span class=\"elementor-button-content-wrapper\">\n\t\t\t\t\t\t\t\t\t<span class=\"elementor-button-text\">Mehr erfahren\u2b95<\/span>\n\t\t\t\t\t<\/span>\n\t\t\t\t\t<\/a>\n\t\t\t\t<\/div>\n\t\t\t\t\t\t\t\t<\/div>\n\t\t\t\t<\/div>\n\t\t\t\t<\/div>\n\t\t\t\t<\/div>\n\t\t<div class=\"elementor-element elementor-element-7920096 e-grid e-con-full elementor-hidden-desktop elementor-hidden-tablet elementor-hidden-mobile e-con e-child\" data-id=\"7920096\" data-element_type=\"container\">\n\t\t<div class=\"elementor-element elementor-element-e649bdc e-con-full e-flex e-con e-child\" data-id=\"e649bdc\" data-element_type=\"container\" data-settings=\"{&quot;background_background&quot;:&quot;classic&quot;}\">\n\t\t\t\t<div class=\"elementor-element elementor-element-dbafb68 elementor-widget elementor-widget-image\" data-id=\"dbafb68\" data-element_type=\"widget\" data-widget_type=\"image.default\">\n\t\t\t\t<div class=\"elementor-widget-container\">\n\t\t\t\t\t\t\t\t\t\t\t\t\t\t\t<img decoding=\"async\" src=\"https:\/\/fmviersen.de\/wp-content\/uploads\/elementor\/thumbs\/Buero-p1xeq20bqj2c2oox0gfq8w8j3j6vb9dhujlnhhe4yo.jpg\" title=\"Office\" alt=\"B\u00fcro\" loading=\"lazy\" \/>\t\t\t\t\t\t\t\t\t\t\t\t\t\t\t<\/div>\n\t\t\t\t<\/div>\n\t\t\t\t<div class=\"elementor-element elementor-element-9ae27b4 elementor-widget elementor-widget-heading\" data-id=\"9ae27b4\" data-element_type=\"widget\" data-widget_type=\"heading.default\">\n\t\t\t\t<div class=\"elementor-widget-container\">\n\t\t\t\t\t<h2 class=\"elementor-heading-title elementor-size-default\">Office spaces<\/h2>\t\t\t\t<\/div>\n\t\t\t\t<\/div>\n\t\t\t\t<div class=\"elementor-element elementor-element-1e5810b elementor-widget elementor-widget-button\" data-id=\"1e5810b\" data-element_type=\"widget\" data-widget_type=\"button.default\">\n\t\t\t\t<div class=\"elementor-widget-container\">\n\t\t\t\t\t\t\t\t\t<div class=\"elementor-button-wrapper\">\n\t\t\t\t\t<a class=\"elementor-button elementor-button-link elementor-size-sm elementor-animation-grow\" href=\"https:\/\/fmviersen.de\/en\/bueroraeume-2\/\">\n\t\t\t\t\t\t<span class=\"elementor-button-content-wrapper\">\n\t\t\t\t\t\t\t\t\t<span class=\"elementor-button-text\">Mehr erfahren\u2b95<\/span>\n\t\t\t\t\t<\/span>\n\t\t\t\t\t<\/a>\n\t\t\t\t<\/div>\n\t\t\t\t\t\t\t\t<\/div>\n\t\t\t\t<\/div>\n\t\t\t\t<\/div>\n\t\t<div class=\"elementor-element elementor-element-908e122 e-con-full e-flex e-con e-child\" data-id=\"908e122\" data-element_type=\"container\" data-settings=\"{&quot;background_background&quot;:&quot;classic&quot;}\">\n\t\t\t\t<div class=\"elementor-element elementor-element-553937b elementor-widget elementor-widget-image\" data-id=\"553937b\" data-element_type=\"widget\" data-widget_type=\"image.default\">\n\t\t\t\t<div class=\"elementor-widget-container\">\n\t\t\t\t\t\t\t\t\t\t\t\t\t\t\t<img decoding=\"async\" src=\"https:\/\/fmviersen.de\/wp-content\/uploads\/elementor\/thumbs\/14-p1xb9xfl8556wgzrtsvbz7v71qzwu6lk467c01fqn4.jpg\" title=\"14\" alt=\"14\" loading=\"lazy\" \/>\t\t\t\t\t\t\t\t\t\t\t\t\t\t\t<\/div>\n\t\t\t\t<\/div>\n\t\t\t\t<div class=\"elementor-element elementor-element-cb233c1 elementor-widget elementor-widget-heading\" data-id=\"cb233c1\" data-element_type=\"widget\" data-widget_type=\"heading.default\">\n\t\t\t\t<div class=\"elementor-widget-container\">\n\t\t\t\t\t<h2 class=\"elementor-heading-title elementor-size-default\">Logistics halls<\/h2>\t\t\t\t<\/div>\n\t\t\t\t<\/div>\n\t\t\t\t<div class=\"elementor-element elementor-element-27a38f7 elementor-widget elementor-widget-button\" data-id=\"27a38f7\" data-element_type=\"widget\" data-widget_type=\"button.default\">\n\t\t\t\t<div class=\"elementor-widget-container\">\n\t\t\t\t\t\t\t\t\t<div class=\"elementor-button-wrapper\">\n\t\t\t\t\t<a class=\"elementor-button elementor-button-link elementor-size-sm elementor-animation-grow\" href=\"https:\/\/fmviersen.de\/en\/logistikhallen-2\/\">\n\t\t\t\t\t\t<span class=\"elementor-button-content-wrapper\">\n\t\t\t\t\t\t\t\t\t<span class=\"elementor-button-text\">Mehr erfahren\u2b95<\/span>\n\t\t\t\t\t<\/span>\n\t\t\t\t\t<\/a>\n\t\t\t\t<\/div>\n\t\t\t\t\t\t\t\t<\/div>\n\t\t\t\t<\/div>\n\t\t\t\t<\/div>\n\t\t<div class=\"elementor-element elementor-element-27730d9 e-con-full e-flex e-con e-child\" data-id=\"27730d9\" data-element_type=\"container\" data-settings=\"{&quot;background_background&quot;:&quot;classic&quot;}\">\n\t\t\t\t<div class=\"elementor-element elementor-element-9136012 elementor-widget elementor-widget-image\" data-id=\"9136012\" data-element_type=\"widget\" data-widget_type=\"image.default\">\n\t\t\t\t<div class=\"elementor-widget-container\">\n\t\t\t\t\t\t\t\t\t\t\t\t\t\t\t<img decoding=\"async\" src=\"https:\/\/fmviersen.de\/wp-content\/uploads\/elementor\/thumbs\/Proberaum-1-p1xepfg76i7gc1loo6ool1xguaa26ivxrfxzyubl40.jpg\" title=\"Proberaum 1\" alt=\"Proberaum 1\" loading=\"lazy\" \/>\t\t\t\t\t\t\t\t\t\t\t\t\t\t\t<\/div>\n\t\t\t\t<\/div>\n\t\t\t\t<div class=\"elementor-element elementor-element-afff303 elementor-widget elementor-widget-heading\" data-id=\"afff303\" data-element_type=\"widget\" data-widget_type=\"heading.default\">\n\t\t\t\t<div class=\"elementor-widget-container\">\n\t\t\t\t\t<h2 class=\"elementor-heading-title elementor-size-default\">Rehearsal rooms<\/h2>\t\t\t\t<\/div>\n\t\t\t\t<\/div>\n\t\t\t\t<div class=\"elementor-element elementor-element-fb8dfb8 elementor-widget elementor-widget-button\" data-id=\"fb8dfb8\" data-element_type=\"widget\" data-widget_type=\"button.default\">\n\t\t\t\t<div class=\"elementor-widget-container\">\n\t\t\t\t\t\t\t\t\t<div class=\"elementor-button-wrapper\">\n\t\t\t\t\t<a class=\"elementor-button elementor-button-link elementor-size-sm elementor-animation-grow\" href=\"https:\/\/fmviersen.de\/en\/proberaeume-2\/\">\n\t\t\t\t\t\t<span class=\"elementor-button-content-wrapper\">\n\t\t\t\t\t\t\t\t\t<span class=\"elementor-button-text\">Mehr erfahren\u2b95<\/span>\n\t\t\t\t\t<\/span>\n\t\t\t\t\t<\/a>\n\t\t\t\t<\/div>\n\t\t\t\t\t\t\t\t<\/div>\n\t\t\t\t<\/div>\n\t\t\t\t<\/div>\n\t\t<div class=\"elementor-element elementor-element-d445c30 e-con-full e-flex e-con e-child\" data-id=\"d445c30\" data-element_type=\"container\" data-settings=\"{&quot;background_background&quot;:&quot;classic&quot;}\">\n\t\t\t\t<div class=\"elementor-element elementor-element-7bb436a elementor-widget elementor-widget-image\" data-id=\"7bb436a\" data-element_type=\"widget\" data-widget_type=\"image.default\">\n\t\t\t\t<div class=\"elementor-widget-container\">\n\t\t\t\t\t\t\t\t\t\t\t\t\t\t\t<img decoding=\"async\" src=\"https:\/\/fmviersen.de\/wp-content\/uploads\/elementor\/thumbs\/warehouse-or-storage-with-cardboard-boxes-on-a-pallet-logistics-and-mail-delivery-concept--owrfpzf8qwr8fzsky7d2hgyi5wg2wce9zy4vrc97ds.jpg\" title=\"Warehouse or storage with cardboard boxes on a pallet. Logistics and mail delivery concept.\" alt=\"Warehouse or storage with cardboard boxes on a pallet. Logistics and mail delivery concept.\" loading=\"lazy\" \/>\t\t\t\t\t\t\t\t\t\t\t\t\t\t\t<\/div>\n\t\t\t\t<\/div>\n\t\t\t\t<div class=\"elementor-element elementor-element-91ec4c7 elementor-widget elementor-widget-heading\" data-id=\"91ec4c7\" data-element_type=\"widget\" data-widget_type=\"heading.default\">\n\t\t\t\t<div class=\"elementor-widget-container\">\n\t\t\t\t\t<h2 class=\"elementor-heading-title elementor-size-default\">Warehouses<\/h2>\t\t\t\t<\/div>\n\t\t\t\t<\/div>\n\t\t\t\t<div class=\"elementor-element elementor-element-b4e206b elementor-widget elementor-widget-button\" data-id=\"b4e206b\" data-element_type=\"widget\" data-widget_type=\"button.default\">\n\t\t\t\t<div class=\"elementor-widget-container\">\n\t\t\t\t\t\t\t\t\t<div class=\"elementor-button-wrapper\">\n\t\t\t\t\t<a class=\"elementor-button elementor-button-link elementor-size-sm elementor-animation-grow\" href=\"https:\/\/fmviersen.de\/en\/lagerhallen-2\/\">\n\t\t\t\t\t\t<span class=\"elementor-button-content-wrapper\">\n\t\t\t\t\t\t\t\t\t<span class=\"elementor-button-text\">Mehr erfahren\u2b95<\/span>\n\t\t\t\t\t<\/span>\n\t\t\t\t\t<\/a>\n\t\t\t\t<\/div>\n\t\t\t\t\t\t\t\t<\/div>\n\t\t\t\t<\/div>\n\t\t\t\t<\/div>\n\t\t\t\t<\/div>\n\t\t\t\t\t<\/div>\n\t\t\t\t<\/div>\n\t\t\t\t<\/div>","protected":false},"excerpt":{"rendered":"<p>Vermietung Unsere Gewerbeobjekte k\u00f6nnen flexibel nach Ihren Bed\u00fcrfnissen angepasst werden. Gewerbefl\u00e4chen Mehr erfahren\u2b95 Prober\u00e4ume Mehr erfahren\u2b95 B\u00fcror\u00e4ume Mehr erfahren\u2b95 Logistikhallen Mehr erfahren\u2b95 Prober\u00e4ume Mehr erfahren\u2b95 Lagerhallen Mehr erfahren\u2b95<\/p>","protected":false},"author":2,"featured_media":0,"parent":0,"menu_order":0,"comment_status":"closed","ping_status":"closed","template":"elementor_header_footer","meta":{"ocean_post_layout":"","ocean_both_sidebars_style":"","ocean_both_sidebars_content_width":0,"ocean_both_sidebars_sidebars_width":0,"ocean_sidebar":"","ocean_second_sidebar":"","ocean_disable_margins":"enable","ocean_add_body_class":"","ocean_shortcode_before_top_bar":"","ocean_shortcode_after_top_bar":"","ocean_shortcode_before_header":"","ocean_shortcode_after_header":"","ocean_has_shortcode":"","ocean_shortcode_after_title":"","ocean_shortcode_before_footer_widgets":"","ocean_shortcode_after_footer_widgets":"","ocean_shortcode_before_footer_bottom":"","ocean_shortcode_after_footer_bottom":"","ocean_display_top_bar":"default","ocean_display_header":"default","ocean_header_style":"","ocean_center_header_left_menu":"","ocean_custom_header_template":"","ocean_custom_logo":0,"ocean_custom_retina_logo":0,"ocean_custom_logo_max_width":0,"ocean_custom_logo_tablet_max_width":0,"ocean_custom_logo_mobile_max_width":0,"ocean_custom_logo_max_height":0,"ocean_custom_logo_tablet_max_height":0,"ocean_custom_logo_mobile_max_height":0,"ocean_header_custom_menu":"","ocean_menu_typo_font_family":"","ocean_menu_typo_font_subset":"","ocean_menu_typo_font_size":0,"ocean_menu_typo_font_size_tablet":0,"ocean_menu_typo_font_size_mobile":0,"ocean_menu_typo_font_size_unit":"px","ocean_menu_typo_font_weight":"","ocean_menu_typo_font_weight_tablet":"","ocean_menu_typo_font_weight_mobile":"","ocean_menu_typo_transform":"","ocean_menu_typo_transform_tablet":"","ocean_menu_typo_transform_mobile":"","ocean_menu_typo_line_height":0,"ocean_menu_typo_line_height_tablet":0,"ocean_menu_typo_line_height_mobile":0,"ocean_menu_typo_line_height_unit":"","ocean_menu_typo_spacing":0,"ocean_menu_typo_spacing_tablet":0,"ocean_menu_typo_spacing_mobile":0,"ocean_menu_typo_spacing_unit":"","ocean_menu_link_color":"","ocean_menu_link_color_hover":"","ocean_menu_link_color_active":"","ocean_menu_link_background":"","ocean_menu_link_hover_background":"","ocean_menu_link_active_background":"","ocean_menu_social_links_bg":"","ocean_menu_social_hover_links_bg":"","ocean_menu_social_links_color":"","ocean_menu_social_hover_links_color":"","ocean_disable_title":"default","ocean_disable_heading":"default","ocean_post_title":"","ocean_post_subheading":"","ocean_post_title_style":"","ocean_post_title_background_color":"","ocean_post_title_background":0,"ocean_post_title_bg_image_position":"","ocean_post_title_bg_image_attachment":"","ocean_post_title_bg_image_repeat":"","ocean_post_title_bg_image_size":"","ocean_post_title_height":0,"ocean_post_title_bg_overlay":0.5,"ocean_post_title_bg_overlay_color":"","ocean_disable_breadcrumbs":"default","ocean_breadcrumbs_color":"","ocean_breadcrumbs_separator_color":"","ocean_breadcrumbs_links_color":"","ocean_breadcrumbs_links_hover_color":"","ocean_display_footer_widgets":"default","ocean_display_footer_bottom":"default","ocean_custom_footer_template":"","footnotes":""},"class_list":["post-1306","page","type-page","status-publish","hentry","entry"],"yoast_head":"<!-- This site is optimized with the Yoast SEO plugin v24.6 - https:\/\/yoast.com\/wordpress\/plugins\/seo\/ -->\n<title>Vermietung 2 -<\/title>\n<meta name=\"robots\" content=\"index, follow, max-snippet:-1, max-image-preview:large, max-video-preview:-1\" \/>\n<link rel=\"canonical\" href=\"https:\/\/fmviersen.de\/en\/vermietung-2\/\" \/>\n<meta property=\"og:locale\" content=\"en_GB\" \/>\n<meta property=\"og:type\" content=\"article\" \/>\n<meta property=\"og:title\" content=\"Vermietung 2 -\" \/>\n<meta property=\"og:description\" content=\"Vermietung Unsere Gewerbeobjekte k\u00f6nnen flexibel nach Ihren Bed\u00fcrfnissen angepasst werden. Gewerbefl\u00e4chen Mehr erfahren\u2b95 Prober\u00e4ume Mehr erfahren\u2b95 B\u00fcror\u00e4ume Mehr erfahren\u2b95 Logistikhallen Mehr erfahren\u2b95 Prober\u00e4ume Mehr erfahren\u2b95 Lagerhallen Mehr erfahren\u2b95\" \/>\n<meta property=\"og:url\" content=\"https:\/\/fmviersen.de\/en\/vermietung-2\/\" \/>\n<meta property=\"article:modified_time\" content=\"2025-05-13T06:00:56+00:00\" \/>\n<meta property=\"og:image\" content=\"https:\/\/fmviersen.de\/wp-content\/uploads\/elementor\/thumbs\/Foto-Gewerbeflache-Feldmuhle-2-r5qi6s14t8gsvvfm8pl9aarnf6ag5bu2zcwm2rkn8g.png\" \/>\n<meta name=\"twitter:card\" content=\"summary_large_image\" \/>\n<meta name=\"twitter:label1\" content=\"Estimated reading time\" \/>\n\t<meta name=\"twitter:data1\" content=\"2 minutes\" \/>\n<script type=\"application\/ld+json\" class=\"yoast-schema-graph\">{\"@context\":\"https:\/\/schema.org\",\"@graph\":[{\"@type\":\"WebPage\",\"@id\":\"https:\/\/fmviersen.de\/vermietung-2\/\",\"url\":\"https:\/\/fmviersen.de\/vermietung-2\/\",\"name\":\"Vermietung 2 -\",\"isPartOf\":{\"@id\":\"https:\/\/fmviersen.de\/#website\"},\"primaryImageOfPage\":{\"@id\":\"https:\/\/fmviersen.de\/vermietung-2\/#primaryimage\"},\"image\":{\"@id\":\"https:\/\/fmviersen.de\/vermietung-2\/#primaryimage\"},\"thumbnailUrl\":\"https:\/\/fmviersen.de\/wp-content\/uploads\/elementor\/thumbs\/Foto-Gewerbeflache-Feldmuhle-2-r5qi6s14t8gsvvfm8pl9aarnf6ag5bu2zcwm2rkn8g.png\",\"datePublished\":\"2025-03-13T15:36:54+00:00\",\"dateModified\":\"2025-05-13T06:00:56+00:00\",\"breadcrumb\":{\"@id\":\"https:\/\/fmviersen.de\/vermietung-2\/#breadcrumb\"},\"inLanguage\":\"en-GB\",\"potentialAction\":[{\"@type\":\"ReadAction\",\"target\":[\"https:\/\/fmviersen.de\/vermietung-2\/\"]}]},{\"@type\":\"ImageObject\",\"inLanguage\":\"en-GB\",\"@id\":\"https:\/\/fmviersen.de\/vermietung-2\/#primaryimage\",\"url\":\"https:\/\/fmviersen.de\/wp-content\/uploads\/elementor\/thumbs\/Foto-Gewerbeflache-Feldmuhle-2-r5qi6s14t8gsvvfm8pl9aarnf6ag5bu2zcwm2rkn8g.png\",\"contentUrl\":\"https:\/\/fmviersen.de\/wp-content\/uploads\/elementor\/thumbs\/Foto-Gewerbeflache-Feldmuhle-2-r5qi6s14t8gsvvfm8pl9aarnf6ag5bu2zcwm2rkn8g.png\"},{\"@type\":\"BreadcrumbList\",\"@id\":\"https:\/\/fmviersen.de\/vermietung-2\/#breadcrumb\",\"itemListElement\":[{\"@type\":\"ListItem\",\"position\":1,\"name\":\"Startseite\",\"item\":\"https:\/\/fmviersen.de\/\"},{\"@type\":\"ListItem\",\"position\":2,\"name\":\"Vermietung 2\"}]},{\"@type\":\"WebSite\",\"@id\":\"https:\/\/fmviersen.de\/#website\",\"url\":\"https:\/\/fmviersen.de\/\",\"name\":\"\",\"description\":\"\",\"potentialAction\":[{\"@type\":\"SearchAction\",\"target\":{\"@type\":\"EntryPoint\",\"urlTemplate\":\"https:\/\/fmviersen.de\/?s={search_term_string}\"},\"query-input\":{\"@type\":\"PropertyValueSpecification\",\"valueRequired\":true,\"valueName\":\"search_term_string\"}}],\"inLanguage\":\"en-GB\"}]}<\/script>\n<!-- \/ Yoast SEO plugin. -->","yoast_head_json":{"title":"Vermietung 2 -","robots":{"index":"index","follow":"follow","max-snippet":"max-snippet:-1","max-image-preview":"max-image-preview:large","max-video-preview":"max-video-preview:-1"},"canonical":"https:\/\/fmviersen.de\/en\/vermietung-2\/","og_locale":"en_GB","og_type":"article","og_title":"Vermietung 2 -","og_description":"Vermietung Unsere Gewerbeobjekte k\u00f6nnen flexibel nach Ihren Bed\u00fcrfnissen angepasst werden. Gewerbefl\u00e4chen Mehr erfahren\u2b95 Prober\u00e4ume Mehr erfahren\u2b95 B\u00fcror\u00e4ume Mehr erfahren\u2b95 Logistikhallen Mehr erfahren\u2b95 Prober\u00e4ume Mehr erfahren\u2b95 Lagerhallen Mehr erfahren\u2b95","og_url":"https:\/\/fmviersen.de\/en\/vermietung-2\/","article_modified_time":"2025-05-13T06:00:56+00:00","og_image":[{"url":"https:\/\/fmviersen.de\/wp-content\/uploads\/elementor\/thumbs\/Foto-Gewerbeflache-Feldmuhle-2-r5qi6s14t8gsvvfm8pl9aarnf6ag5bu2zcwm2rkn8g.png","type":"","width":"","height":""}],"twitter_card":"summary_large_image","twitter_misc":{"Estimated reading time":"2 minutes"},"schema":{"@context":"https:\/\/schema.org","@graph":[{"@type":"WebPage","@id":"https:\/\/fmviersen.de\/vermietung-2\/","url":"https:\/\/fmviersen.de\/vermietung-2\/","name":"Vermietung 2 -","isPartOf":{"@id":"https:\/\/fmviersen.de\/#website"},"primaryImageOfPage":{"@id":"https:\/\/fmviersen.de\/vermietung-2\/#primaryimage"},"image":{"@id":"https:\/\/fmviersen.de\/vermietung-2\/#primaryimage"},"thumbnailUrl":"https:\/\/fmviersen.de\/wp-content\/uploads\/elementor\/thumbs\/Foto-Gewerbeflache-Feldmuhle-2-r5qi6s14t8gsvvfm8pl9aarnf6ag5bu2zcwm2rkn8g.png","datePublished":"2025-03-13T15:36:54+00:00","dateModified":"2025-05-13T06:00:56+00:00","breadcrumb":{"@id":"https:\/\/fmviersen.de\/vermietung-2\/#breadcrumb"},"inLanguage":"en-GB","potentialAction":[{"@type":"ReadAction","target":["https:\/\/fmviersen.de\/vermietung-2\/"]}]},{"@type":"ImageObject","inLanguage":"en-GB","@id":"https:\/\/fmviersen.de\/vermietung-2\/#primaryimage","url":"https:\/\/fmviersen.de\/wp-content\/uploads\/elementor\/thumbs\/Foto-Gewerbeflache-Feldmuhle-2-r5qi6s14t8gsvvfm8pl9aarnf6ag5bu2zcwm2rkn8g.png","contentUrl":"https:\/\/fmviersen.de\/wp-content\/uploads\/elementor\/thumbs\/Foto-Gewerbeflache-Feldmuhle-2-r5qi6s14t8gsvvfm8pl9aarnf6ag5bu2zcwm2rkn8g.png"},{"@type":"BreadcrumbList","@id":"https:\/\/fmviersen.de\/vermietung-2\/#breadcrumb","itemListElement":[{"@type":"ListItem","position":1,"name":"Startseite","item":"https:\/\/fmviersen.de\/"},{"@type":"ListItem","position":2,"name":"Vermietung 2"}]},{"@type":"WebSite","@id":"https:\/\/fmviersen.de\/#website","url":"https:\/\/fmviersen.de\/","name":"","description":"","potentialAction":[{"@type":"SearchAction","target":{"@type":"EntryPoint","urlTemplate":"https:\/\/fmviersen.de\/?s={search_term_string}"},"query-input":{"@type":"PropertyValueSpecification","valueRequired":true,"valueName":"search_term_string"}}],"inLanguage":"en-GB"}]}},"_links":{"self":[{"href":"https:\/\/fmviersen.de\/en\/wp-json\/wp\/v2\/pages\/1306","targetHints":{"allow":["GET"]}}],"collection":[{"href":"https:\/\/fmviersen.de\/en\/wp-json\/wp\/v2\/pages"}],"about":[{"href":"https:\/\/fmviersen.de\/en\/wp-json\/wp\/v2\/types\/page"}],"author":[{"embeddable":true,"href":"https:\/\/fmviersen.de\/en\/wp-json\/wp\/v2\/users\/2"}],"replies":[{"embeddable":true,"href":"https:\/\/fmviersen.de\/en\/wp-json\/wp\/v2\/comments?post=1306"}],"version-history":[{"count":19,"href":"https:\/\/fmviersen.de\/en\/wp-json\/wp\/v2\/pages\/1306\/revisions"}],"predecessor-version":[{"id":1614,"href":"https:\/\/fmviersen.de\/en\/wp-json\/wp\/v2\/pages\/1306\/revisions\/1614"}],"wp:attachment":[{"href":"https:\/\/fmviersen.de\/en\/wp-json\/wp\/v2\/media?parent=1306"}],"curies":[{"name":"wp","href":"https:\/\/api.w.org\/{rel}","templated":true}]}}