{"id":1454,"date":"2025-03-13T17:07:59","date_gmt":"2025-03-13T17:07:59","guid":{"rendered":"https:\/\/fmviersen.de\/?page_id=1454"},"modified":"2025-05-08T12:14:18","modified_gmt":"2025-05-08T12:14:18","slug":"proberaeume-2","status":"publish","type":"page","link":"https:\/\/fmviersen.de\/en\/proberaeume-2\/","title":{"rendered":"Prober\u00e4ume-2"},"content":{"rendered":"<div data-elementor-type=\"wp-page\" data-elementor-id=\"1454\" class=\"elementor elementor-1454\" data-elementor-post-type=\"page\">\n\t\t\t\t<div class=\"elementor-element elementor-element-70d2cd9 e-flex e-con-boxed e-con e-parent\" data-id=\"70d2cd9\" data-element_type=\"container\">\n\t\t\t\t\t<div class=\"e-con-inner\">\n\t\t<div class=\"elementor-element elementor-element-f3b171d e-con-full e-flex e-con e-child\" data-id=\"f3b171d\" data-element_type=\"container\">\n\t\t\t\t<div class=\"elementor-element elementor-element-e9a2ae2 elementor-widget elementor-widget-image\" data-id=\"e9a2ae2\" data-element_type=\"widget\" data-widget_type=\"image.default\">\n\t\t\t\t<div class=\"elementor-widget-container\">\n\t\t\t\t\t\t\t\t\t\t\t\t\t\t\t<img fetchpriority=\"high\" decoding=\"async\" width=\"1024\" height=\"683\" src=\"https:\/\/fmviersen.de\/wp-content\/uploads\/2021\/01\/Proberaum-1-1024x683.jpg\" class=\"attachment-large size-large wp-image-803\" alt=\"\" srcset=\"https:\/\/fmviersen.de\/wp-content\/uploads\/2021\/01\/Proberaum-1-1024x683.jpg 1024w, https:\/\/fmviersen.de\/wp-content\/uploads\/2021\/01\/Proberaum-1-300x200.jpg 300w, https:\/\/fmviersen.de\/wp-content\/uploads\/2021\/01\/Proberaum-1-768x512.jpg 768w, https:\/\/fmviersen.de\/wp-content\/uploads\/2021\/01\/elementor\/thumbs\/Proberaum-1-p1xepfg76i7gc1loo6ool1xguaa26ivxrfxzyubl40.jpg 600w, https:\/\/fmviersen.de\/wp-content\/uploads\/2021\/01\/Proberaum-1.jpg 1200w\" sizes=\"(max-width: 1024px) 100vw, 1024px\" \/>\t\t\t\t\t\t\t\t\t\t\t\t\t\t\t<\/div>\n\t\t\t\t<\/div>\n\t\t\t\t<\/div>\n\t\t<div class=\"elementor-element elementor-element-e19f44b e-con-full e-flex e-con e-child\" data-id=\"e19f44b\" data-element_type=\"container\">\n\t\t\t\t<div class=\"elementor-element elementor-element-e90d0c8 elementor-invisible elementor-widget elementor-widget-heading\" data-id=\"e90d0c8\" data-element_type=\"widget\" data-settings=\"{&quot;_animation&quot;:&quot;fadeIn&quot;}\" data-widget_type=\"heading.default\">\n\t\t\t\t<div class=\"elementor-widget-container\">\n\t\t\t\t\t<h2 class=\"elementor-heading-title elementor-size-default\">Rehearsal rooms<\/h2>\t\t\t\t<\/div>\n\t\t\t\t<\/div>\n\t\t\t\t<div class=\"elementor-element elementor-element-1084883 elementor-widget elementor-widget-text-editor\" data-id=\"1084883\" data-element_type=\"widget\" data-widget_type=\"text-editor.default\">\n\t\t\t\t<div class=\"elementor-widget-container\">\n\t\t\t\t\t\t\t\t\t<ul><li>12<span style=\"font-family: Roboto, sans-serif; font-size: 15px; font-style: normal; font-variant-ligatures: normal; font-variant-caps: normal; font-weight: 500;\">m\u00b2<\/span>\u00a0to 45m\u00b2<\/li><li>Flexible and individually designable<\/li><li>Shared sanitary facilities<\/li><li>Gen\u00fcgend Parkm\u00f6glichkeiten<\/li><li>Good public transport connections<\/li><\/ul>\t\t\t\t\t\t\t\t<\/div>\n\t\t\t\t<\/div>\n\t\t\t\t<div class=\"elementor-element elementor-element-e9c4ae2 elementor-tablet-align-center elementor-widget elementor-widget-button\" data-id=\"e9c4ae2\" data-element_type=\"widget\" data-widget_type=\"button.default\">\n\t\t\t\t<div class=\"elementor-widget-container\">\n\t\t\t\t\t\t\t\t\t<div class=\"elementor-button-wrapper\">\n\t\t\t\t\t<a class=\"elementor-button elementor-button-link elementor-size-sm elementor-animation-grow\" href=\"https:\/\/fmviersen.de\/en\/kontakt-2\/\">\n\t\t\t\t\t\t<span class=\"elementor-button-content-wrapper\">\n\t\t\t\t\t\t\t\t\t<span class=\"elementor-button-text\">Contact<\/span>\n\t\t\t\t\t<\/span>\n\t\t\t\t\t<\/a>\n\t\t\t\t<\/div>\n\t\t\t\t\t\t\t\t<\/div>\n\t\t\t\t<\/div>\n\t\t\t\t<\/div>\n\t\t\t\t\t<\/div>\n\t\t\t\t<\/div>\n\t\t\t\t<\/div>","protected":false},"excerpt":{"rendered":"<p>Prober\u00e4ume 12m\u00b2\u00a0bis 45m\u00b2 Flexibel und individuell gestaltbar Gemeinsame sanit\u00e4re Einrichtung Gen\u00fcgend Parkm\u00f6glichkeiten Gute \u00f6ffentliche Anbindung Kontakt aufnehmen<\/p>","protected":false},"author":2,"featured_media":0,"parent":0,"menu_order":0,"comment_status":"closed","ping_status":"closed","template":"elementor_header_footer","meta":{"ocean_post_layout":"","ocean_both_sidebars_style":"","ocean_both_sidebars_content_width":0,"ocean_both_sidebars_sidebars_width":0,"ocean_sidebar":"","ocean_second_sidebar":"","ocean_disable_margins":"enable","ocean_add_body_class":"","ocean_shortcode_before_top_bar":"","ocean_shortcode_after_top_bar":"","ocean_shortcode_before_header":"","ocean_shortcode_after_header":"","ocean_has_shortcode":"","ocean_shortcode_after_title":"","ocean_shortcode_before_footer_widgets":"","ocean_shortcode_after_footer_widgets":"","ocean_shortcode_before_footer_bottom":"","ocean_shortcode_after_footer_bottom":"","ocean_display_top_bar":"default","ocean_display_header":"default","ocean_header_style":"","ocean_center_header_left_menu":"","ocean_custom_header_template":"","ocean_custom_logo":0,"ocean_custom_retina_logo":0,"ocean_custom_logo_max_width":0,"ocean_custom_logo_tablet_max_width":0,"ocean_custom_logo_mobile_max_width":0,"ocean_custom_logo_max_height":0,"ocean_custom_logo_tablet_max_height":0,"ocean_custom_logo_mobile_max_height":0,"ocean_header_custom_menu":"","ocean_menu_typo_font_family":"","ocean_menu_typo_font_subset":"","ocean_menu_typo_font_size":0,"ocean_menu_typo_font_size_tablet":0,"ocean_menu_typo_font_size_mobile":0,"ocean_menu_typo_font_size_unit":"px","ocean_menu_typo_font_weight":"","ocean_menu_typo_font_weight_tablet":"","ocean_menu_typo_font_weight_mobile":"","ocean_menu_typo_transform":"","ocean_menu_typo_transform_tablet":"","ocean_menu_typo_transform_mobile":"","ocean_menu_typo_line_height":0,"ocean_menu_typo_line_height_tablet":0,"ocean_menu_typo_line_height_mobile":0,"ocean_menu_typo_line_height_unit":"","ocean_menu_typo_spacing":0,"ocean_menu_typo_spacing_tablet":0,"ocean_menu_typo_spacing_mobile":0,"ocean_menu_typo_spacing_unit":"","ocean_menu_link_color":"","ocean_menu_link_color_hover":"","ocean_menu_link_color_active":"","ocean_menu_link_background":"","ocean_menu_link_hover_background":"","ocean_menu_link_active_background":"","ocean_menu_social_links_bg":"","ocean_menu_social_hover_links_bg":"","ocean_menu_social_links_color":"","ocean_menu_social_hover_links_color":"","ocean_disable_title":"default","ocean_disable_heading":"default","ocean_post_title":"","ocean_post_subheading":"","ocean_post_title_style":"","ocean_post_title_background_color":"","ocean_post_title_background":0,"ocean_post_title_bg_image_position":"","ocean_post_title_bg_image_attachment":"","ocean_post_title_bg_image_repeat":"","ocean_post_title_bg_image_size":"","ocean_post_title_height":0,"ocean_post_title_bg_overlay":0.5,"ocean_post_title_bg_overlay_color":"","ocean_disable_breadcrumbs":"default","ocean_breadcrumbs_color":"","ocean_breadcrumbs_separator_color":"","ocean_breadcrumbs_links_color":"","ocean_breadcrumbs_links_hover_color":"","ocean_display_footer_widgets":"default","ocean_display_footer_bottom":"default","ocean_custom_footer_template":"","footnotes":""},"class_list":["post-1454","page","type-page","status-publish","hentry","entry"],"yoast_head":"<!-- This site is optimized with the Yoast SEO plugin v24.6 - https:\/\/yoast.com\/wordpress\/plugins\/seo\/ -->\n<title>Prober\u00e4ume-2 -<\/title>\n<meta name=\"robots\" content=\"index, follow, max-snippet:-1, max-image-preview:large, max-video-preview:-1\" \/>\n<link rel=\"canonical\" href=\"https:\/\/fmviersen.de\/en\/proberaeume-2\/\" \/>\n<meta property=\"og:locale\" content=\"en_GB\" \/>\n<meta property=\"og:type\" content=\"article\" \/>\n<meta property=\"og:title\" content=\"Prober\u00e4ume-2 -\" \/>\n<meta property=\"og:description\" content=\"Prober\u00e4ume 12m\u00b2\u00a0bis 45m\u00b2 Flexibel und individuell gestaltbar Gemeinsame sanit\u00e4re Einrichtung Gen\u00fcgend Parkm\u00f6glichkeiten Gute \u00f6ffentliche Anbindung Kontakt aufnehmen\" \/>\n<meta property=\"og:url\" content=\"https:\/\/fmviersen.de\/en\/proberaeume-2\/\" \/>\n<meta property=\"article:modified_time\" content=\"2025-05-08T12:14:18+00:00\" \/>\n<meta property=\"og:image\" content=\"https:\/\/fmviersen.de\/wp-content\/uploads\/2021\/01\/Proberaum-1.jpg\" \/>\n\t<meta property=\"og:image:width\" content=\"1200\" \/>\n\t<meta property=\"og:image:height\" content=\"800\" \/>\n\t<meta property=\"og:image:type\" content=\"image\/jpeg\" \/>\n<meta name=\"twitter:card\" content=\"summary_large_image\" \/>\n<meta name=\"twitter:label1\" content=\"Estimated reading time\" \/>\n\t<meta name=\"twitter:data1\" content=\"1 minute\" \/>\n<script type=\"application\/ld+json\" class=\"yoast-schema-graph\">{\"@context\":\"https:\/\/schema.org\",\"@graph\":[{\"@type\":\"WebPage\",\"@id\":\"https:\/\/fmviersen.de\/proberaeume-2\/\",\"url\":\"https:\/\/fmviersen.de\/proberaeume-2\/\",\"name\":\"Prober\u00e4ume-2 -\",\"isPartOf\":{\"@id\":\"https:\/\/fmviersen.de\/#website\"},\"primaryImageOfPage\":{\"@id\":\"https:\/\/fmviersen.de\/proberaeume-2\/#primaryimage\"},\"image\":{\"@id\":\"https:\/\/fmviersen.de\/proberaeume-2\/#primaryimage\"},\"thumbnailUrl\":\"https:\/\/fmviersen.de\/wp-content\/uploads\/2021\/01\/Proberaum-1-1024x683.jpg\",\"datePublished\":\"2025-03-13T17:07:59+00:00\",\"dateModified\":\"2025-05-08T12:14:18+00:00\",\"breadcrumb\":{\"@id\":\"https:\/\/fmviersen.de\/proberaeume-2\/#breadcrumb\"},\"inLanguage\":\"en-GB\",\"potentialAction\":[{\"@type\":\"ReadAction\",\"target\":[\"https:\/\/fmviersen.de\/proberaeume-2\/\"]}]},{\"@type\":\"ImageObject\",\"inLanguage\":\"en-GB\",\"@id\":\"https:\/\/fmviersen.de\/proberaeume-2\/#primaryimage\",\"url\":\"https:\/\/fmviersen.de\/wp-content\/uploads\/2021\/01\/Proberaum-1-1024x683.jpg\",\"contentUrl\":\"https:\/\/fmviersen.de\/wp-content\/uploads\/2021\/01\/Proberaum-1-1024x683.jpg\"},{\"@type\":\"BreadcrumbList\",\"@id\":\"https:\/\/fmviersen.de\/proberaeume-2\/#breadcrumb\",\"itemListElement\":[{\"@type\":\"ListItem\",\"position\":1,\"name\":\"Startseite\",\"item\":\"https:\/\/fmviersen.de\/\"},{\"@type\":\"ListItem\",\"position\":2,\"name\":\"Prober\u00e4ume-2\"}]},{\"@type\":\"WebSite\",\"@id\":\"https:\/\/fmviersen.de\/#website\",\"url\":\"https:\/\/fmviersen.de\/\",\"name\":\"\",\"description\":\"\",\"potentialAction\":[{\"@type\":\"SearchAction\",\"target\":{\"@type\":\"EntryPoint\",\"urlTemplate\":\"https:\/\/fmviersen.de\/?s={search_term_string}\"},\"query-input\":{\"@type\":\"PropertyValueSpecification\",\"valueRequired\":true,\"valueName\":\"search_term_string\"}}],\"inLanguage\":\"en-GB\"}]}<\/script>\n<!-- \/ Yoast SEO plugin. -->","yoast_head_json":{"title":"Prober\u00e4ume-2 -","robots":{"index":"index","follow":"follow","max-snippet":"max-snippet:-1","max-image-preview":"max-image-preview:large","max-video-preview":"max-video-preview:-1"},"canonical":"https:\/\/fmviersen.de\/en\/proberaeume-2\/","og_locale":"en_GB","og_type":"article","og_title":"Prober\u00e4ume-2 -","og_description":"Prober\u00e4ume 12m\u00b2\u00a0bis 45m\u00b2 Flexibel und individuell gestaltbar Gemeinsame sanit\u00e4re Einrichtung Gen\u00fcgend Parkm\u00f6glichkeiten Gute \u00f6ffentliche Anbindung Kontakt aufnehmen","og_url":"https:\/\/fmviersen.de\/en\/proberaeume-2\/","article_modified_time":"2025-05-08T12:14:18+00:00","og_image":[{"width":1200,"height":800,"url":"https:\/\/fmviersen.de\/wp-content\/uploads\/2021\/01\/Proberaum-1.jpg","type":"image\/jpeg"}],"twitter_card":"summary_large_image","twitter_misc":{"Estimated reading time":"1 minute"},"schema":{"@context":"https:\/\/schema.org","@graph":[{"@type":"WebPage","@id":"https:\/\/fmviersen.de\/proberaeume-2\/","url":"https:\/\/fmviersen.de\/proberaeume-2\/","name":"Prober\u00e4ume-2 -","isPartOf":{"@id":"https:\/\/fmviersen.de\/#website"},"primaryImageOfPage":{"@id":"https:\/\/fmviersen.de\/proberaeume-2\/#primaryimage"},"image":{"@id":"https:\/\/fmviersen.de\/proberaeume-2\/#primaryimage"},"thumbnailUrl":"https:\/\/fmviersen.de\/wp-content\/uploads\/2021\/01\/Proberaum-1-1024x683.jpg","datePublished":"2025-03-13T17:07:59+00:00","dateModified":"2025-05-08T12:14:18+00:00","breadcrumb":{"@id":"https:\/\/fmviersen.de\/proberaeume-2\/#breadcrumb"},"inLanguage":"en-GB","potentialAction":[{"@type":"ReadAction","target":["https:\/\/fmviersen.de\/proberaeume-2\/"]}]},{"@type":"ImageObject","inLanguage":"en-GB","@id":"https:\/\/fmviersen.de\/proberaeume-2\/#primaryimage","url":"https:\/\/fmviersen.de\/wp-content\/uploads\/2021\/01\/Proberaum-1-1024x683.jpg","contentUrl":"https:\/\/fmviersen.de\/wp-content\/uploads\/2021\/01\/Proberaum-1-1024x683.jpg"},{"@type":"BreadcrumbList","@id":"https:\/\/fmviersen.de\/proberaeume-2\/#breadcrumb","itemListElement":[{"@type":"ListItem","position":1,"name":"Startseite","item":"https:\/\/fmviersen.de\/"},{"@type":"ListItem","position":2,"name":"Prober\u00e4ume-2"}]},{"@type":"WebSite","@id":"https:\/\/fmviersen.de\/#website","url":"https:\/\/fmviersen.de\/","name":"","description":"","potentialAction":[{"@type":"SearchAction","target":{"@type":"EntryPoint","urlTemplate":"https:\/\/fmviersen.de\/?s={search_term_string}"},"query-input":{"@type":"PropertyValueSpecification","valueRequired":true,"valueName":"search_term_string"}}],"inLanguage":"en-GB"}]}},"_links":{"self":[{"href":"https:\/\/fmviersen.de\/en\/wp-json\/wp\/v2\/pages\/1454","targetHints":{"allow":["GET"]}}],"collection":[{"href":"https:\/\/fmviersen.de\/en\/wp-json\/wp\/v2\/pages"}],"about":[{"href":"https:\/\/fmviersen.de\/en\/wp-json\/wp\/v2\/types\/page"}],"author":[{"embeddable":true,"href":"https:\/\/fmviersen.de\/en\/wp-json\/wp\/v2\/users\/2"}],"replies":[{"embeddable":true,"href":"https:\/\/fmviersen.de\/en\/wp-json\/wp\/v2\/comments?post=1454"}],"version-history":[{"count":13,"href":"https:\/\/fmviersen.de\/en\/wp-json\/wp\/v2\/pages\/1454\/revisions"}],"predecessor-version":[{"id":1593,"href":"https:\/\/fmviersen.de\/en\/wp-json\/wp\/v2\/pages\/1454\/revisions\/1593"}],"wp:attachment":[{"href":"https:\/\/fmviersen.de\/en\/wp-json\/wp\/v2\/media?parent=1454"}],"curies":[{"name":"wp","href":"https:\/\/api.w.org\/{rel}","templated":true}]}}