{"id":269,"date":"2020-09-30T08:06:48","date_gmt":"2020-09-30T08:06:48","guid":{"rendered":"https:\/\/fmviersen.de\/?page_id=269"},"modified":"2021-04-01T07:05:46","modified_gmt":"2021-04-01T07:05:46","slug":"impressum","status":"publish","type":"page","link":"https:\/\/fmviersen.de\/en\/impressum\/","title":{"rendered":"Site Notice"},"content":{"rendered":"<div data-elementor-type=\"wp-page\" data-elementor-id=\"269\" class=\"elementor elementor-269\" data-elementor-post-type=\"page\">\n\t\t\t\t\t\t<section class=\"elementor-section elementor-top-section elementor-element elementor-element-bb60733 elementor-section-boxed elementor-section-height-default elementor-section-height-default\" data-id=\"bb60733\" data-element_type=\"section\">\n\t\t\t\t\t\t<div class=\"elementor-container elementor-column-gap-default\">\n\t\t\t\t\t<div class=\"elementor-column elementor-col-100 elementor-top-column elementor-element elementor-element-6397cd8\" data-id=\"6397cd8\" data-element_type=\"column\">\n\t\t\t<div class=\"elementor-widget-wrap elementor-element-populated\">\n\t\t\t\t\t\t<div class=\"elementor-element elementor-element-caf2d42 elementor-widget elementor-widget-text-editor\" data-id=\"caf2d42\" data-element_type=\"widget\" data-widget_type=\"text-editor.default\">\n\t\t\t\t<div class=\"elementor-widget-container\">\n\t\t\t\t\t\t\t\t\t<h1>Site Notice<\/h1>\n<h2>Information pursuant to Sect. 5 German Telemedia Act (TMG)<\/h2>\n<p>Feldm\u00fchle Immobilien GmbH &amp; Co. KG<br>Gladbacher Str. 189<br>41748 Viersen<\/p>\n<p>Commercial Register: HRA 6540<br>Registration court: HRA 6540&nbsp;<\/p>\n<p><strong>Represented by:<\/strong><br>Michael Metz<\/p>\n<p>That one represented by:<br>Michael Metz<\/p>\n<p>Commercial Register: HRA 6540<\/p>\n<h2>Contact<\/h2>\n<p>Phone: 02162 815 77 73<br>Telefax: 02162 815 77 71<br>E-Mail: info@fmviersen.de<\/p>\n<h2 style=\"font-variant-ligatures: normal; font-variant-caps: normal; font-family: Roboto, sans-serif; font-style: normal;\">Bildnachweise<\/h2>\n<h2>\n<p style=\"font-variant-ligatures: normal; font-variant-caps: normal; font-family: Roboto, sans-serif; font-size: 15px; font-style: normal; font-weight: 500; color: rgb(122, 122, 122);\">Thomas Bocian Fotografie &#8211; www.thomas-bocian.de<\/p>\n<\/h2>\n<h2>EU dispute resolution<\/h2>\n<p>The European Commission provides a platform for online dispute resolution (ODR): <a href=\"https:\/\/ec.europa.eu\/consumers\/odr\" target=\"_blank\" rel=\"noopener noreferrer\">https:\/\/ec.europa.eu\/consumers\/odr<\/a>.<br>Our e-mail address can be found above in the site notice.<\/p>\n<h2>Dispute resolution proceedings in front of a consumer arbitration board<\/h2>\n<p>We are not willing or obliged to participate in dispute resolution proceedings in front of a consumer arbitration board.<\/p>\n<h3>Liability for Contents<\/h3>\n<p>As service providers, we are liable for own contents of these websites according to Paragraph 7, Sect. 1 German Telemedia Act (TMG). However, according to Paragraphs 8 to 10 German Telemedia Act (TMG), service providers are not obligated to permanently monitor submitted or stored information or to search for evidences that indicate illegal activities.<\/p>\n<p>Legal obligations to removing information or to blocking the use of information remain unchallenged. In this case, liability is only possible at the time of knowledge about a specific violation of law. Illegal contents will be removed immediately at the time we get knowledge of them.<\/p>\n<h3>Liability for Links<\/h3>\n<p>Our offer includes links to external third-party websites. We have no influence on the contents of those websites, therefore we cannot guarantee for those contents. Providers or administrators of linked websites are always responsible for their own contents.<\/p>\n<p>The linked websites had been checked for possible violations of law at the time of the establishment of the link. Illegal contents were not detected at the time of the linking. A permanent monitoring of the contents of linked websites cannot be imposed without reasonable indications that there has been a violation of law. Illegal links will be removed immediately at the time we get knowledge of them.<\/p>\n<h3>Copyright<\/h3>\n<p>Contents and compilations published on these websites by the providers are subject to German copyright laws. Reproduction, editing, distribution as well as the use of any kind outside the scope of the copyright law require a written permission of the author or originator. Downloads and copies of these websites are permitted for private use only.\nThe commercial use of our contents without permission of the originator is prohibited.<\/p>\n<p>Copyright laws of third parties are respected as long as the contents on these websites do not originate from the provider. Contributions of third parties on this site are indicated as such. However, if you notice any violations of copyright law, please inform us. Such contents will be removed immediately.<\/p>\t\t\t\t\t\t\t\t<\/div>\n\t\t\t\t<\/div>\n\t\t\t\t\t<\/div>\n\t\t<\/div>\n\t\t\t\t\t<\/div>\n\t\t<\/section>\n\t\t\t\t<section class=\"elementor-section elementor-top-section elementor-element elementor-element-363a39e elementor-section-boxed elementor-section-height-default elementor-section-height-default\" data-id=\"363a39e\" data-element_type=\"section\">\n\t\t\t\t\t\t<div class=\"elementor-container elementor-column-gap-default\">\n\t\t\t\t\t<div class=\"elementor-column elementor-col-100 elementor-top-column elementor-element elementor-element-b2757c1\" data-id=\"b2757c1\" data-element_type=\"column\">\n\t\t\t<div class=\"elementor-widget-wrap elementor-element-populated\">\n\t\t\t\t\t\t<div class=\"elementor-element elementor-element-9377392 elementor-widget elementor-widget-image\" data-id=\"9377392\" data-element_type=\"widget\" data-widget_type=\"image.default\">\n\t\t\t\t<div class=\"elementor-widget-container\">\n\t\t\t\t\t\t\t\t\t\t\t\t\t\t\t<img decoding=\"async\" width=\"230\" height=\"80\" src=\"https:\/\/fmviersen.de\/wp-content\/uploads\/2020\/09\/erecht24-grau-impressum-klein.png\" class=\"attachment-large size-large wp-image-276\" alt=\"\" \/>\t\t\t\t\t\t\t\t\t\t\t\t\t\t\t<\/div>\n\t\t\t\t<\/div>\n\t\t\t\t\t<\/div>\n\t\t<\/div>\n\t\t\t\t\t<\/div>\n\t\t<\/section>\n\t\t\t\t<\/div>","protected":false},"excerpt":{"rendered":"<p>Impressum Angaben gem\u00e4\u00df \u00a7 5 TMG Feldm\u00fchle Immobilien GmbH &amp; Co. KGGladbacher Str. 18941748 Viersen Handelsregister: HRA 6540Registergericht: M\u00f6nchengladbach&nbsp; Vertreten durch die pers\u00f6nlich haftende Gesellschafter\/in:Michael Metz Diese vertreten durch den Gesch\u00e4ftsf\u00fchrer:Michael Metz Handelsregister: HRA 6540 Kontakt Telefon: 02162 815 77 73Telefax: 02162 815 77 71E-Mail: info@fmviersen.de Bildnachweise Thomas Bocian Fotografie &#8211; www.thomas-bocian.de EU-Streitschlichtung Die Europ\u00e4ische [&hellip;]<\/p>","protected":false},"author":1,"featured_media":0,"parent":0,"menu_order":0,"comment_status":"closed","ping_status":"closed","template":"","meta":{"ocean_post_layout":"full-screen","ocean_both_sidebars_style":"","ocean_both_sidebars_content_width":0,"ocean_both_sidebars_sidebars_width":0,"ocean_sidebar":"0","ocean_second_sidebar":"0","ocean_disable_margins":"enable","ocean_add_body_class":"","ocean_shortcode_before_top_bar":"","ocean_shortcode_after_top_bar":"","ocean_shortcode_before_header":"","ocean_shortcode_after_header":"","ocean_has_shortcode":"","ocean_shortcode_after_title":"","ocean_shortcode_before_footer_widgets":"","ocean_shortcode_after_footer_widgets":"","ocean_shortcode_before_footer_bottom":"","ocean_shortcode_after_footer_bottom":"","ocean_display_top_bar":"default","ocean_display_header":"default","ocean_header_style":"","ocean_center_header_left_menu":"0","ocean_custom_header_template":"0","ocean_custom_logo":0,"ocean_custom_retina_logo":0,"ocean_custom_logo_max_width":0,"ocean_custom_logo_tablet_max_width":0,"ocean_custom_logo_mobile_max_width":0,"ocean_custom_logo_max_height":0,"ocean_custom_logo_tablet_max_height":0,"ocean_custom_logo_mobile_max_height":0,"ocean_header_custom_menu":"0","ocean_menu_typo_font_family":"0","ocean_menu_typo_font_subset":"","ocean_menu_typo_font_size":0,"ocean_menu_typo_font_size_tablet":0,"ocean_menu_typo_font_size_mobile":0,"ocean_menu_typo_font_size_unit":"px","ocean_menu_typo_font_weight":"","ocean_menu_typo_font_weight_tablet":"","ocean_menu_typo_font_weight_mobile":"","ocean_menu_typo_transform":"","ocean_menu_typo_transform_tablet":"","ocean_menu_typo_transform_mobile":"","ocean_menu_typo_line_height":0,"ocean_menu_typo_line_height_tablet":0,"ocean_menu_typo_line_height_mobile":0,"ocean_menu_typo_line_height_unit":"","ocean_menu_typo_spacing":0,"ocean_menu_typo_spacing_tablet":0,"ocean_menu_typo_spacing_mobile":0,"ocean_menu_typo_spacing_unit":"","ocean_menu_link_color":"","ocean_menu_link_color_hover":"","ocean_menu_link_color_active":"","ocean_menu_link_background":"","ocean_menu_link_hover_background":"","ocean_menu_link_active_background":"","ocean_menu_social_links_bg":"","ocean_menu_social_hover_links_bg":"","ocean_menu_social_links_color":"","ocean_menu_social_hover_links_color":"","ocean_disable_title":"on","ocean_disable_heading":"default","ocean_post_title":"","ocean_post_subheading":"","ocean_post_title_style":"","ocean_post_title_background_color":"","ocean_post_title_background":0,"ocean_post_title_bg_image_position":"","ocean_post_title_bg_image_attachment":"","ocean_post_title_bg_image_repeat":"","ocean_post_title_bg_image_size":"","ocean_post_title_height":0,"ocean_post_title_bg_overlay":0.5,"ocean_post_title_bg_overlay_color":"","ocean_disable_breadcrumbs":"default","ocean_breadcrumbs_color":"","ocean_breadcrumbs_separator_color":"","ocean_breadcrumbs_links_color":"","ocean_breadcrumbs_links_hover_color":"","ocean_display_footer_widgets":"default","ocean_display_footer_bottom":"default","ocean_custom_footer_template":"0","footnotes":""},"class_list":["post-269","page","type-page","status-publish","hentry","entry"],"yoast_head":"<!-- This site is optimized with the Yoast SEO plugin v24.6 - https:\/\/yoast.com\/wordpress\/plugins\/seo\/ -->\n<title>Impressum -<\/title>\n<meta name=\"robots\" content=\"index, follow, max-snippet:-1, max-image-preview:large, max-video-preview:-1\" \/>\n<link rel=\"canonical\" href=\"https:\/\/fmviersen.de\/en\/impressum\/\" \/>\n<meta property=\"og:locale\" content=\"en_GB\" \/>\n<meta property=\"og:type\" content=\"article\" \/>\n<meta property=\"og:title\" content=\"Impressum -\" \/>\n<meta property=\"og:description\" content=\"Impressum Angaben gem\u00e4\u00df \u00a7 5 TMG Feldm\u00fchle Immobilien GmbH &amp; Co. KGGladbacher Str. 18941748 Viersen Handelsregister: HRA 6540Registergericht: M\u00f6nchengladbach&nbsp; Vertreten durch die pers\u00f6nlich haftende Gesellschafter\/in:Michael Metz Diese vertreten durch den Gesch\u00e4ftsf\u00fchrer:Michael Metz Handelsregister: HRA 6540 Kontakt Telefon: 02162 815 77 73Telefax: 02162 815 77 71E-Mail: info@fmviersen.de Bildnachweise Thomas Bocian Fotografie &#8211; www.thomas-bocian.de EU-Streitschlichtung Die Europ\u00e4ische [&hellip;]\" \/>\n<meta property=\"og:url\" content=\"https:\/\/fmviersen.de\/en\/impressum\/\" \/>\n<meta property=\"article:modified_time\" content=\"2021-04-01T07:05:46+00:00\" \/>\n<meta property=\"og:image\" content=\"https:\/\/fmviersen.de\/wp-content\/uploads\/2020\/09\/erecht24-grau-impressum-klein.png\" \/>\n<meta name=\"twitter:card\" content=\"summary_large_image\" \/>\n<meta name=\"twitter:label1\" content=\"Estimated reading time\" \/>\n\t<meta name=\"twitter:data1\" content=\"2 minutes\" \/>\n<script type=\"application\/ld+json\" class=\"yoast-schema-graph\">{\"@context\":\"https:\/\/schema.org\",\"@graph\":[{\"@type\":\"WebPage\",\"@id\":\"https:\/\/fmviersen.de\/impressum\/\",\"url\":\"https:\/\/fmviersen.de\/impressum\/\",\"name\":\"Impressum -\",\"isPartOf\":{\"@id\":\"https:\/\/fmviersen.de\/#website\"},\"primaryImageOfPage\":{\"@id\":\"https:\/\/fmviersen.de\/impressum\/#primaryimage\"},\"image\":{\"@id\":\"https:\/\/fmviersen.de\/impressum\/#primaryimage\"},\"thumbnailUrl\":\"https:\/\/fmviersen.de\/wp-content\/uploads\/2020\/09\/erecht24-grau-impressum-klein.png\",\"datePublished\":\"2020-09-30T08:06:48+00:00\",\"dateModified\":\"2021-04-01T07:05:46+00:00\",\"breadcrumb\":{\"@id\":\"https:\/\/fmviersen.de\/impressum\/#breadcrumb\"},\"inLanguage\":\"en-GB\",\"potentialAction\":[{\"@type\":\"ReadAction\",\"target\":[\"https:\/\/fmviersen.de\/impressum\/\"]}]},{\"@type\":\"ImageObject\",\"inLanguage\":\"en-GB\",\"@id\":\"https:\/\/fmviersen.de\/impressum\/#primaryimage\",\"url\":\"https:\/\/fmviersen.de\/wp-content\/uploads\/2020\/09\/erecht24-grau-impressum-klein.png\",\"contentUrl\":\"https:\/\/fmviersen.de\/wp-content\/uploads\/2020\/09\/erecht24-grau-impressum-klein.png\"},{\"@type\":\"BreadcrumbList\",\"@id\":\"https:\/\/fmviersen.de\/impressum\/#breadcrumb\",\"itemListElement\":[{\"@type\":\"ListItem\",\"position\":1,\"name\":\"Startseite\",\"item\":\"https:\/\/fmviersen.de\/\"},{\"@type\":\"ListItem\",\"position\":2,\"name\":\"Impressum\"}]},{\"@type\":\"WebSite\",\"@id\":\"https:\/\/fmviersen.de\/#website\",\"url\":\"https:\/\/fmviersen.de\/\",\"name\":\"\",\"description\":\"\",\"potentialAction\":[{\"@type\":\"SearchAction\",\"target\":{\"@type\":\"EntryPoint\",\"urlTemplate\":\"https:\/\/fmviersen.de\/?s={search_term_string}\"},\"query-input\":{\"@type\":\"PropertyValueSpecification\",\"valueRequired\":true,\"valueName\":\"search_term_string\"}}],\"inLanguage\":\"en-GB\"}]}<\/script>\n<!-- \/ Yoast SEO plugin. -->","yoast_head_json":{"title":"Impressum -","robots":{"index":"index","follow":"follow","max-snippet":"max-snippet:-1","max-image-preview":"max-image-preview:large","max-video-preview":"max-video-preview:-1"},"canonical":"https:\/\/fmviersen.de\/en\/impressum\/","og_locale":"en_GB","og_type":"article","og_title":"Impressum -","og_description":"Impressum Angaben gem\u00e4\u00df \u00a7 5 TMG Feldm\u00fchle Immobilien GmbH &amp; Co. KGGladbacher Str. 18941748 Viersen Handelsregister: HRA 6540Registergericht: M\u00f6nchengladbach&nbsp; Vertreten durch die pers\u00f6nlich haftende Gesellschafter\/in:Michael Metz Diese vertreten durch den Gesch\u00e4ftsf\u00fchrer:Michael Metz Handelsregister: HRA 6540 Kontakt Telefon: 02162 815 77 73Telefax: 02162 815 77 71E-Mail: info@fmviersen.de Bildnachweise Thomas Bocian Fotografie &#8211; www.thomas-bocian.de EU-Streitschlichtung Die Europ\u00e4ische [&hellip;]","og_url":"https:\/\/fmviersen.de\/en\/impressum\/","article_modified_time":"2021-04-01T07:05:46+00:00","og_image":[{"url":"https:\/\/fmviersen.de\/wp-content\/uploads\/2020\/09\/erecht24-grau-impressum-klein.png","type":"","width":"","height":""}],"twitter_card":"summary_large_image","twitter_misc":{"Estimated reading time":"2 minutes"},"schema":{"@context":"https:\/\/schema.org","@graph":[{"@type":"WebPage","@id":"https:\/\/fmviersen.de\/impressum\/","url":"https:\/\/fmviersen.de\/impressum\/","name":"Impressum -","isPartOf":{"@id":"https:\/\/fmviersen.de\/#website"},"primaryImageOfPage":{"@id":"https:\/\/fmviersen.de\/impressum\/#primaryimage"},"image":{"@id":"https:\/\/fmviersen.de\/impressum\/#primaryimage"},"thumbnailUrl":"https:\/\/fmviersen.de\/wp-content\/uploads\/2020\/09\/erecht24-grau-impressum-klein.png","datePublished":"2020-09-30T08:06:48+00:00","dateModified":"2021-04-01T07:05:46+00:00","breadcrumb":{"@id":"https:\/\/fmviersen.de\/impressum\/#breadcrumb"},"inLanguage":"en-GB","potentialAction":[{"@type":"ReadAction","target":["https:\/\/fmviersen.de\/impressum\/"]}]},{"@type":"ImageObject","inLanguage":"en-GB","@id":"https:\/\/fmviersen.de\/impressum\/#primaryimage","url":"https:\/\/fmviersen.de\/wp-content\/uploads\/2020\/09\/erecht24-grau-impressum-klein.png","contentUrl":"https:\/\/fmviersen.de\/wp-content\/uploads\/2020\/09\/erecht24-grau-impressum-klein.png"},{"@type":"BreadcrumbList","@id":"https:\/\/fmviersen.de\/impressum\/#breadcrumb","itemListElement":[{"@type":"ListItem","position":1,"name":"Startseite","item":"https:\/\/fmviersen.de\/"},{"@type":"ListItem","position":2,"name":"Impressum"}]},{"@type":"WebSite","@id":"https:\/\/fmviersen.de\/#website","url":"https:\/\/fmviersen.de\/","name":"","description":"","potentialAction":[{"@type":"SearchAction","target":{"@type":"EntryPoint","urlTemplate":"https:\/\/fmviersen.de\/?s={search_term_string}"},"query-input":{"@type":"PropertyValueSpecification","valueRequired":true,"valueName":"search_term_string"}}],"inLanguage":"en-GB"}]}},"_links":{"self":[{"href":"https:\/\/fmviersen.de\/en\/wp-json\/wp\/v2\/pages\/269","targetHints":{"allow":["GET"]}}],"collection":[{"href":"https:\/\/fmviersen.de\/en\/wp-json\/wp\/v2\/pages"}],"about":[{"href":"https:\/\/fmviersen.de\/en\/wp-json\/wp\/v2\/types\/page"}],"author":[{"embeddable":true,"href":"https:\/\/fmviersen.de\/en\/wp-json\/wp\/v2\/users\/1"}],"replies":[{"embeddable":true,"href":"https:\/\/fmviersen.de\/en\/wp-json\/wp\/v2\/comments?post=269"}],"version-history":[{"count":7,"href":"https:\/\/fmviersen.de\/en\/wp-json\/wp\/v2\/pages\/269\/revisions"}],"predecessor-version":[{"id":1187,"href":"https:\/\/fmviersen.de\/en\/wp-json\/wp\/v2\/pages\/269\/revisions\/1187"}],"wp:attachment":[{"href":"https:\/\/fmviersen.de\/en\/wp-json\/wp\/v2\/media?parent=269"}],"curies":[{"name":"wp","href":"https:\/\/api.w.org\/{rel}","templated":true}]}}