{"id":483,"date":"2020-10-11T13:19:35","date_gmt":"2020-10-11T13:19:35","guid":{"rendered":"https:\/\/fmviersen.de\/?page_id=483"},"modified":"2021-04-07T12:45:52","modified_gmt":"2021-04-07T12:45:52","slug":"vermietung","status":"publish","type":"page","link":"https:\/\/fmviersen.de\/en\/vermietung\/","title":{"rendered":"Rental"},"content":{"rendered":"<div data-elementor-type=\"wp-page\" data-elementor-id=\"483\" class=\"elementor elementor-483\" data-elementor-post-type=\"page\">\n\t\t\t\t\t\t<section class=\"elementor-section elementor-top-section elementor-element elementor-element-7bca04f4 elementor-section-content-middle elementor-section-boxed elementor-section-height-default elementor-section-height-default\" data-id=\"7bca04f4\" data-element_type=\"section\" data-settings=\"{&quot;background_background&quot;:&quot;classic&quot;}\">\n\t\t\t\t\t\t\t<div class=\"elementor-background-overlay\"><\/div>\n\t\t\t\t\t\t\t<div class=\"elementor-container elementor-column-gap-wide\">\n\t\t\t\t\t<div class=\"elementor-column elementor-col-100 elementor-top-column elementor-element elementor-element-9bb868c\" data-id=\"9bb868c\" data-element_type=\"column\">\n\t\t\t<div class=\"elementor-widget-wrap elementor-element-populated\">\n\t\t\t\t\t\t<div class=\"elementor-element elementor-element-eb7bd78 elementor-invisible elementor-widget elementor-widget-heading\" data-id=\"eb7bd78\" data-element_type=\"widget\" data-settings=\"{&quot;_animation&quot;:&quot;fadeIn&quot;,&quot;_animation_delay&quot;:100}\" data-widget_type=\"heading.default\">\n\t\t\t\t<div class=\"elementor-widget-container\">\n\t\t\t\t\t<h2 class=\"elementor-heading-title elementor-size-default\">Rental<\/h2>\t\t\t\t<\/div>\n\t\t\t\t<\/div>\n\t\t\t\t<div class=\"elementor-element elementor-element-4844490 elementor-widget elementor-widget-text-editor\" data-id=\"4844490\" data-element_type=\"widget\" data-widget_type=\"text-editor.default\">\n\t\t\t\t<div class=\"elementor-widget-container\">\n\t\t\t\t\t\t\t\t\t<p>Our commercial properties can be flexibly adapted according to your needs.<\/p>\t\t\t\t\t\t\t\t<\/div>\n\t\t\t\t<\/div>\n\t\t\t\t<section class=\"elementor-section elementor-inner-section elementor-element elementor-element-7d4765ca envato-kit-141-top-0 elementor-section-boxed elementor-section-height-default elementor-section-height-default\" data-id=\"7d4765ca\" data-element_type=\"section\">\n\t\t\t\t\t\t<div class=\"elementor-container elementor-column-gap-default\">\n\t\t\t\t\t<div class=\"elementor-column elementor-col-50 elementor-inner-column elementor-element elementor-element-2c17b4d0 elementor-invisible\" data-id=\"2c17b4d0\" data-element_type=\"column\" data-settings=\"{&quot;background_background&quot;:&quot;classic&quot;,&quot;animation&quot;:&quot;fadeIn&quot;,&quot;animation_delay&quot;:100}\">\n\t\t\t<div class=\"elementor-widget-wrap elementor-element-populated\">\n\t\t\t\t\t\t<div class=\"elementor-element elementor-element-2879ae55 elementor-widget elementor-widget-image\" data-id=\"2879ae55\" data-element_type=\"widget\" data-widget_type=\"image.default\">\n\t\t\t\t<div class=\"elementor-widget-container\">\n\t\t\t\t\t\t\t\t\t\t\t\t\t\t\t<img decoding=\"async\" src=\"https:\/\/fmviersen.de\/wp-content\/uploads\/elementor\/thumbs\/Buero-p1xeq20bqj2c2oox0gfq8w8j3j6vb9dhujlnhhe4yo.jpg\" title=\"Office\" alt=\"B\u00fcro\" loading=\"lazy\" \/>\t\t\t\t\t\t\t\t\t\t\t\t\t\t\t<\/div>\n\t\t\t\t<\/div>\n\t\t\t\t<div class=\"elementor-element elementor-element-1af2352a elementor-widget elementor-widget-heading\" data-id=\"1af2352a\" data-element_type=\"widget\" data-widget_type=\"heading.default\">\n\t\t\t\t<div class=\"elementor-widget-container\">\n\t\t\t\t\t<h2 class=\"elementor-heading-title elementor-size-default\">Office spaces<\/h2>\t\t\t\t<\/div>\n\t\t\t\t<\/div>\n\t\t\t\t<div class=\"elementor-element elementor-element-6495d417 elementor-widget elementor-widget-button\" data-id=\"6495d417\" data-element_type=\"widget\" data-widget_type=\"button.default\">\n\t\t\t\t<div class=\"elementor-widget-container\">\n\t\t\t\t\t\t\t\t\t<div class=\"elementor-button-wrapper\">\n\t\t\t\t\t<a class=\"elementor-button elementor-button-link elementor-size-sm\" href=\"https:\/\/fmviersen.de\/en\/bueroraeume\/\">\n\t\t\t\t\t\t<span class=\"elementor-button-content-wrapper\">\n\t\t\t\t\t\t\t\t\t<span class=\"elementor-button-text\">More information<\/span>\n\t\t\t\t\t<\/span>\n\t\t\t\t\t<\/a>\n\t\t\t\t<\/div>\n\t\t\t\t\t\t\t\t<\/div>\n\t\t\t\t<\/div>\n\t\t\t\t\t<\/div>\n\t\t<\/div>\n\t\t\t\t<div class=\"elementor-column elementor-col-50 elementor-inner-column elementor-element elementor-element-ba904e3 elementor-invisible\" data-id=\"ba904e3\" data-element_type=\"column\" data-settings=\"{&quot;background_background&quot;:&quot;classic&quot;,&quot;animation&quot;:&quot;fadeIn&quot;,&quot;animation_delay&quot;:100}\">\n\t\t\t<div class=\"elementor-widget-wrap elementor-element-populated\">\n\t\t\t\t\t\t<div class=\"elementor-element elementor-element-b55c4bf elementor-widget elementor-widget-image\" data-id=\"b55c4bf\" data-element_type=\"widget\" data-widget_type=\"image.default\">\n\t\t\t\t<div class=\"elementor-widget-container\">\n\t\t\t\t\t\t\t\t\t\t\t\t\t\t\t<img decoding=\"async\" src=\"https:\/\/fmviersen.de\/wp-content\/uploads\/elementor\/thumbs\/14-p1xb9xfl8556wgzrtsvbz7v71qzwu6lk467c01fqn4.jpg\" title=\"14\" alt=\"14\" loading=\"lazy\" \/>\t\t\t\t\t\t\t\t\t\t\t\t\t\t\t<\/div>\n\t\t\t\t<\/div>\n\t\t\t\t<div class=\"elementor-element elementor-element-2ea06c4 elementor-widget elementor-widget-heading\" data-id=\"2ea06c4\" data-element_type=\"widget\" data-widget_type=\"heading.default\">\n\t\t\t\t<div class=\"elementor-widget-container\">\n\t\t\t\t\t<h2 class=\"elementor-heading-title elementor-size-default\">Logistics halls<\/h2>\t\t\t\t<\/div>\n\t\t\t\t<\/div>\n\t\t\t\t<div class=\"elementor-element elementor-element-71f0fdd elementor-widget elementor-widget-button\" data-id=\"71f0fdd\" data-element_type=\"widget\" data-widget_type=\"button.default\">\n\t\t\t\t<div class=\"elementor-widget-container\">\n\t\t\t\t\t\t\t\t\t<div class=\"elementor-button-wrapper\">\n\t\t\t\t\t<a class=\"elementor-button elementor-button-link elementor-size-sm\" href=\"https:\/\/fmviersen.de\/en\/logistikhallen\/\">\n\t\t\t\t\t\t<span class=\"elementor-button-content-wrapper\">\n\t\t\t\t\t\t\t\t\t<span class=\"elementor-button-text\">More information<\/span>\n\t\t\t\t\t<\/span>\n\t\t\t\t\t<\/a>\n\t\t\t\t<\/div>\n\t\t\t\t\t\t\t\t<\/div>\n\t\t\t\t<\/div>\n\t\t\t\t\t<\/div>\n\t\t<\/div>\n\t\t\t\t\t<\/div>\n\t\t<\/section>\n\t\t\t\t<section class=\"elementor-section elementor-inner-section elementor-element elementor-element-93bd5c0 envato-kit-141-top-0 elementor-section-boxed elementor-section-height-default elementor-section-height-default\" data-id=\"93bd5c0\" data-element_type=\"section\">\n\t\t\t\t\t\t<div class=\"elementor-container elementor-column-gap-default\">\n\t\t\t\t\t<div class=\"elementor-column elementor-col-50 elementor-inner-column elementor-element elementor-element-b17b5ba elementor-invisible\" data-id=\"b17b5ba\" data-element_type=\"column\" data-settings=\"{&quot;background_background&quot;:&quot;classic&quot;,&quot;animation&quot;:&quot;fadeIn&quot;,&quot;animation_delay&quot;:100}\">\n\t\t\t<div class=\"elementor-widget-wrap elementor-element-populated\">\n\t\t\t\t\t\t<div class=\"elementor-element elementor-element-f852d1e elementor-widget elementor-widget-image\" data-id=\"f852d1e\" data-element_type=\"widget\" data-widget_type=\"image.default\">\n\t\t\t\t<div class=\"elementor-widget-container\">\n\t\t\t\t\t\t\t\t\t\t\t\t\t\t\t<img decoding=\"async\" src=\"https:\/\/fmviersen.de\/wp-content\/uploads\/elementor\/thumbs\/Proberaum-1-p1xepfg76i7gc1loo6ool1xguaa26ivxrfxzyubl40.jpg\" title=\"Proberaum 1\" alt=\"Proberaum 1\" loading=\"lazy\" \/>\t\t\t\t\t\t\t\t\t\t\t\t\t\t\t<\/div>\n\t\t\t\t<\/div>\n\t\t\t\t<div class=\"elementor-element elementor-element-933db7b elementor-widget elementor-widget-heading\" data-id=\"933db7b\" data-element_type=\"widget\" data-widget_type=\"heading.default\">\n\t\t\t\t<div class=\"elementor-widget-container\">\n\t\t\t\t\t<h2 class=\"elementor-heading-title elementor-size-default\">Rehearsal rooms<\/h2>\t\t\t\t<\/div>\n\t\t\t\t<\/div>\n\t\t\t\t<div class=\"elementor-element elementor-element-a3c53f9 elementor-widget elementor-widget-button\" data-id=\"a3c53f9\" data-element_type=\"widget\" data-widget_type=\"button.default\">\n\t\t\t\t<div class=\"elementor-widget-container\">\n\t\t\t\t\t\t\t\t\t<div class=\"elementor-button-wrapper\">\n\t\t\t\t\t<a class=\"elementor-button elementor-button-link elementor-size-sm\" href=\"https:\/\/fmviersen.de\/en\/proberaeume\/\">\n\t\t\t\t\t\t<span class=\"elementor-button-content-wrapper\">\n\t\t\t\t\t\t\t\t\t<span class=\"elementor-button-text\">More information<\/span>\n\t\t\t\t\t<\/span>\n\t\t\t\t\t<\/a>\n\t\t\t\t<\/div>\n\t\t\t\t\t\t\t\t<\/div>\n\t\t\t\t<\/div>\n\t\t\t\t\t<\/div>\n\t\t<\/div>\n\t\t\t\t<div class=\"elementor-column elementor-col-50 elementor-inner-column elementor-element elementor-element-4b31def elementor-invisible\" data-id=\"4b31def\" data-element_type=\"column\" data-settings=\"{&quot;background_background&quot;:&quot;classic&quot;,&quot;animation&quot;:&quot;fadeIn&quot;,&quot;animation_delay&quot;:100}\">\n\t\t\t<div class=\"elementor-widget-wrap elementor-element-populated\">\n\t\t\t\t\t\t<div class=\"elementor-element elementor-element-2414cf9 elementor-widget elementor-widget-image\" data-id=\"2414cf9\" data-element_type=\"widget\" data-widget_type=\"image.default\">\n\t\t\t\t<div class=\"elementor-widget-container\">\n\t\t\t\t\t\t\t\t\t\t\t\t\t\t\t<img decoding=\"async\" src=\"https:\/\/fmviersen.de\/wp-content\/uploads\/elementor\/thumbs\/warehouse-or-storage-with-cardboard-boxes-on-a-pallet-logistics-and-mail-delivery-concept--owrfpzf8qwr8fzsky7d2hgyi5wg2wce9zy4vrc97ds.jpg\" title=\"Warehouse or storage with cardboard boxes on a pallet. Logistics and mail delivery concept.\" alt=\"Warehouse or storage with cardboard boxes on a pallet. Logistics and mail delivery concept.\" loading=\"lazy\" \/>\t\t\t\t\t\t\t\t\t\t\t\t\t\t\t<\/div>\n\t\t\t\t<\/div>\n\t\t\t\t<div class=\"elementor-element elementor-element-5c3c966 elementor-widget elementor-widget-heading\" data-id=\"5c3c966\" data-element_type=\"widget\" data-widget_type=\"heading.default\">\n\t\t\t\t<div class=\"elementor-widget-container\">\n\t\t\t\t\t<h2 class=\"elementor-heading-title elementor-size-default\">Warehouses<\/h2>\t\t\t\t<\/div>\n\t\t\t\t<\/div>\n\t\t\t\t<div class=\"elementor-element elementor-element-7bd6220 elementor-widget elementor-widget-button\" data-id=\"7bd6220\" data-element_type=\"widget\" data-widget_type=\"button.default\">\n\t\t\t\t<div class=\"elementor-widget-container\">\n\t\t\t\t\t\t\t\t\t<div class=\"elementor-button-wrapper\">\n\t\t\t\t\t<a class=\"elementor-button elementor-button-link elementor-size-sm\" href=\"https:\/\/fmviersen.de\/en\/lagerhallen\/\">\n\t\t\t\t\t\t<span class=\"elementor-button-content-wrapper\">\n\t\t\t\t\t\t\t\t\t<span class=\"elementor-button-text\">More information<\/span>\n\t\t\t\t\t<\/span>\n\t\t\t\t\t<\/a>\n\t\t\t\t<\/div>\n\t\t\t\t\t\t\t\t<\/div>\n\t\t\t\t<\/div>\n\t\t\t\t\t<\/div>\n\t\t<\/div>\n\t\t\t\t\t<\/div>\n\t\t<\/section>\n\t\t\t\t\t<\/div>\n\t\t<\/div>\n\t\t\t\t\t<\/div>\n\t\t<\/section>\n\t\t\t\t<\/div>","protected":false},"excerpt":{"rendered":"<p>Vermietung Unsere Gewerbeobjekte k\u00f6nnen flexibel nach Ihren Bed\u00fcrfnissen angepasst werden. B\u00fcror\u00e4ume Mehr erfahren Logistikhallen\u200b Mehr erfahren Prober\u00e4ume Mehr erfahren Lagerhallen Mehr erfahren<\/p>","protected":false},"author":1,"featured_media":0,"parent":0,"menu_order":0,"comment_status":"closed","ping_status":"closed","template":"","meta":{"ocean_post_layout":"full-screen","ocean_both_sidebars_style":"","ocean_both_sidebars_content_width":0,"ocean_both_sidebars_sidebars_width":0,"ocean_sidebar":"0","ocean_second_sidebar":"0","ocean_disable_margins":"enable","ocean_add_body_class":"","ocean_shortcode_before_top_bar":"","ocean_shortcode_after_top_bar":"","ocean_shortcode_before_header":"","ocean_shortcode_after_header":"","ocean_has_shortcode":"","ocean_shortcode_after_title":"","ocean_shortcode_before_footer_widgets":"","ocean_shortcode_after_footer_widgets":"","ocean_shortcode_before_footer_bottom":"","ocean_shortcode_after_footer_bottom":"","ocean_display_top_bar":"default","ocean_display_header":"default","ocean_header_style":"","ocean_center_header_left_menu":"0","ocean_custom_header_template":"0","ocean_custom_logo":0,"ocean_custom_retina_logo":0,"ocean_custom_logo_max_width":0,"ocean_custom_logo_tablet_max_width":0,"ocean_custom_logo_mobile_max_width":0,"ocean_custom_logo_max_height":0,"ocean_custom_logo_tablet_max_height":0,"ocean_custom_logo_mobile_max_height":0,"ocean_header_custom_menu":"0","ocean_menu_typo_font_family":"0","ocean_menu_typo_font_subset":"","ocean_menu_typo_font_size":0,"ocean_menu_typo_font_size_tablet":0,"ocean_menu_typo_font_size_mobile":0,"ocean_menu_typo_font_size_unit":"px","ocean_menu_typo_font_weight":"","ocean_menu_typo_font_weight_tablet":"","ocean_menu_typo_font_weight_mobile":"","ocean_menu_typo_transform":"","ocean_menu_typo_transform_tablet":"","ocean_menu_typo_transform_mobile":"","ocean_menu_typo_line_height":0,"ocean_menu_typo_line_height_tablet":0,"ocean_menu_typo_line_height_mobile":0,"ocean_menu_typo_line_height_unit":"","ocean_menu_typo_spacing":0,"ocean_menu_typo_spacing_tablet":0,"ocean_menu_typo_spacing_mobile":0,"ocean_menu_typo_spacing_unit":"","ocean_menu_link_color":"","ocean_menu_link_color_hover":"","ocean_menu_link_color_active":"","ocean_menu_link_background":"","ocean_menu_link_hover_background":"","ocean_menu_link_active_background":"","ocean_menu_social_links_bg":"","ocean_menu_social_hover_links_bg":"","ocean_menu_social_links_color":"","ocean_menu_social_hover_links_color":"","ocean_disable_title":"on","ocean_disable_heading":"default","ocean_post_title":"","ocean_post_subheading":"","ocean_post_title_style":"","ocean_post_title_background_color":"","ocean_post_title_background":0,"ocean_post_title_bg_image_position":"","ocean_post_title_bg_image_attachment":"","ocean_post_title_bg_image_repeat":"","ocean_post_title_bg_image_size":"","ocean_post_title_height":0,"ocean_post_title_bg_overlay":0.5,"ocean_post_title_bg_overlay_color":"","ocean_disable_breadcrumbs":"default","ocean_breadcrumbs_color":"","ocean_breadcrumbs_separator_color":"","ocean_breadcrumbs_links_color":"","ocean_breadcrumbs_links_hover_color":"","ocean_display_footer_widgets":"default","ocean_display_footer_bottom":"default","ocean_custom_footer_template":"0","footnotes":""},"class_list":["post-483","page","type-page","status-publish","hentry","entry"],"yoast_head":"<!-- This site is optimized with the Yoast SEO plugin v24.6 - https:\/\/yoast.com\/wordpress\/plugins\/seo\/ -->\n<title>Vermietung -<\/title>\n<meta name=\"robots\" content=\"index, follow, max-snippet:-1, max-image-preview:large, max-video-preview:-1\" \/>\n<link rel=\"canonical\" href=\"https:\/\/fmviersen.de\/en\/vermietung\/\" \/>\n<meta property=\"og:locale\" content=\"en_GB\" \/>\n<meta property=\"og:type\" content=\"article\" \/>\n<meta property=\"og:title\" content=\"Vermietung -\" \/>\n<meta property=\"og:description\" content=\"Vermietung Unsere Gewerbeobjekte k\u00f6nnen flexibel nach Ihren Bed\u00fcrfnissen angepasst werden. B\u00fcror\u00e4ume Mehr erfahren Logistikhallen\u200b Mehr erfahren Prober\u00e4ume Mehr erfahren Lagerhallen Mehr erfahren\" \/>\n<meta property=\"og:url\" content=\"https:\/\/fmviersen.de\/en\/vermietung\/\" \/>\n<meta property=\"article:modified_time\" content=\"2021-04-07T12:45:52+00:00\" \/>\n<meta property=\"og:image\" content=\"https:\/\/fmviersen.de\/wp-content\/uploads\/elementor\/thumbs\/Buero-p1xeq20bqj2c2oox0gfq8w8j3j6vb9dhujlnhhe4yo.jpg\" \/>\n<meta name=\"twitter:card\" content=\"summary_large_image\" \/>\n<meta name=\"twitter:label1\" content=\"Estimated reading time\" \/>\n\t<meta name=\"twitter:data1\" content=\"1 minute\" \/>\n<script type=\"application\/ld+json\" class=\"yoast-schema-graph\">{\"@context\":\"https:\/\/schema.org\",\"@graph\":[{\"@type\":\"WebPage\",\"@id\":\"https:\/\/fmviersen.de\/vermietung\/\",\"url\":\"https:\/\/fmviersen.de\/vermietung\/\",\"name\":\"Vermietung -\",\"isPartOf\":{\"@id\":\"https:\/\/fmviersen.de\/#website\"},\"primaryImageOfPage\":{\"@id\":\"https:\/\/fmviersen.de\/vermietung\/#primaryimage\"},\"image\":{\"@id\":\"https:\/\/fmviersen.de\/vermietung\/#primaryimage\"},\"thumbnailUrl\":\"https:\/\/fmviersen.de\/wp-content\/uploads\/elementor\/thumbs\/Buero-p1xeq20bqj2c2oox0gfq8w8j3j6vb9dhujlnhhe4yo.jpg\",\"datePublished\":\"2020-10-11T13:19:35+00:00\",\"dateModified\":\"2021-04-07T12:45:52+00:00\",\"breadcrumb\":{\"@id\":\"https:\/\/fmviersen.de\/vermietung\/#breadcrumb\"},\"inLanguage\":\"en-GB\",\"potentialAction\":[{\"@type\":\"ReadAction\",\"target\":[\"https:\/\/fmviersen.de\/vermietung\/\"]}]},{\"@type\":\"ImageObject\",\"inLanguage\":\"en-GB\",\"@id\":\"https:\/\/fmviersen.de\/vermietung\/#primaryimage\",\"url\":\"https:\/\/fmviersen.de\/wp-content\/uploads\/elementor\/thumbs\/Buero-p1xeq20bqj2c2oox0gfq8w8j3j6vb9dhujlnhhe4yo.jpg\",\"contentUrl\":\"https:\/\/fmviersen.de\/wp-content\/uploads\/elementor\/thumbs\/Buero-p1xeq20bqj2c2oox0gfq8w8j3j6vb9dhujlnhhe4yo.jpg\"},{\"@type\":\"BreadcrumbList\",\"@id\":\"https:\/\/fmviersen.de\/vermietung\/#breadcrumb\",\"itemListElement\":[{\"@type\":\"ListItem\",\"position\":1,\"name\":\"Startseite\",\"item\":\"https:\/\/fmviersen.de\/\"},{\"@type\":\"ListItem\",\"position\":2,\"name\":\"Vermietung\"}]},{\"@type\":\"WebSite\",\"@id\":\"https:\/\/fmviersen.de\/#website\",\"url\":\"https:\/\/fmviersen.de\/\",\"name\":\"\",\"description\":\"\",\"potentialAction\":[{\"@type\":\"SearchAction\",\"target\":{\"@type\":\"EntryPoint\",\"urlTemplate\":\"https:\/\/fmviersen.de\/?s={search_term_string}\"},\"query-input\":{\"@type\":\"PropertyValueSpecification\",\"valueRequired\":true,\"valueName\":\"search_term_string\"}}],\"inLanguage\":\"en-GB\"}]}<\/script>\n<!-- \/ Yoast SEO plugin. -->","yoast_head_json":{"title":"Vermietung -","robots":{"index":"index","follow":"follow","max-snippet":"max-snippet:-1","max-image-preview":"max-image-preview:large","max-video-preview":"max-video-preview:-1"},"canonical":"https:\/\/fmviersen.de\/en\/vermietung\/","og_locale":"en_GB","og_type":"article","og_title":"Vermietung -","og_description":"Vermietung Unsere Gewerbeobjekte k\u00f6nnen flexibel nach Ihren Bed\u00fcrfnissen angepasst werden. B\u00fcror\u00e4ume Mehr erfahren Logistikhallen\u200b Mehr erfahren Prober\u00e4ume Mehr erfahren Lagerhallen Mehr erfahren","og_url":"https:\/\/fmviersen.de\/en\/vermietung\/","article_modified_time":"2021-04-07T12:45:52+00:00","og_image":[{"url":"https:\/\/fmviersen.de\/wp-content\/uploads\/elementor\/thumbs\/Buero-p1xeq20bqj2c2oox0gfq8w8j3j6vb9dhujlnhhe4yo.jpg","type":"","width":"","height":""}],"twitter_card":"summary_large_image","twitter_misc":{"Estimated reading time":"1 minute"},"schema":{"@context":"https:\/\/schema.org","@graph":[{"@type":"WebPage","@id":"https:\/\/fmviersen.de\/vermietung\/","url":"https:\/\/fmviersen.de\/vermietung\/","name":"Vermietung -","isPartOf":{"@id":"https:\/\/fmviersen.de\/#website"},"primaryImageOfPage":{"@id":"https:\/\/fmviersen.de\/vermietung\/#primaryimage"},"image":{"@id":"https:\/\/fmviersen.de\/vermietung\/#primaryimage"},"thumbnailUrl":"https:\/\/fmviersen.de\/wp-content\/uploads\/elementor\/thumbs\/Buero-p1xeq20bqj2c2oox0gfq8w8j3j6vb9dhujlnhhe4yo.jpg","datePublished":"2020-10-11T13:19:35+00:00","dateModified":"2021-04-07T12:45:52+00:00","breadcrumb":{"@id":"https:\/\/fmviersen.de\/vermietung\/#breadcrumb"},"inLanguage":"en-GB","potentialAction":[{"@type":"ReadAction","target":["https:\/\/fmviersen.de\/vermietung\/"]}]},{"@type":"ImageObject","inLanguage":"en-GB","@id":"https:\/\/fmviersen.de\/vermietung\/#primaryimage","url":"https:\/\/fmviersen.de\/wp-content\/uploads\/elementor\/thumbs\/Buero-p1xeq20bqj2c2oox0gfq8w8j3j6vb9dhujlnhhe4yo.jpg","contentUrl":"https:\/\/fmviersen.de\/wp-content\/uploads\/elementor\/thumbs\/Buero-p1xeq20bqj2c2oox0gfq8w8j3j6vb9dhujlnhhe4yo.jpg"},{"@type":"BreadcrumbList","@id":"https:\/\/fmviersen.de\/vermietung\/#breadcrumb","itemListElement":[{"@type":"ListItem","position":1,"name":"Startseite","item":"https:\/\/fmviersen.de\/"},{"@type":"ListItem","position":2,"name":"Vermietung"}]},{"@type":"WebSite","@id":"https:\/\/fmviersen.de\/#website","url":"https:\/\/fmviersen.de\/","name":"","description":"","potentialAction":[{"@type":"SearchAction","target":{"@type":"EntryPoint","urlTemplate":"https:\/\/fmviersen.de\/?s={search_term_string}"},"query-input":{"@type":"PropertyValueSpecification","valueRequired":true,"valueName":"search_term_string"}}],"inLanguage":"en-GB"}]}},"_links":{"self":[{"href":"https:\/\/fmviersen.de\/en\/wp-json\/wp\/v2\/pages\/483","targetHints":{"allow":["GET"]}}],"collection":[{"href":"https:\/\/fmviersen.de\/en\/wp-json\/wp\/v2\/pages"}],"about":[{"href":"https:\/\/fmviersen.de\/en\/wp-json\/wp\/v2\/types\/page"}],"author":[{"embeddable":true,"href":"https:\/\/fmviersen.de\/en\/wp-json\/wp\/v2\/users\/1"}],"replies":[{"embeddable":true,"href":"https:\/\/fmviersen.de\/en\/wp-json\/wp\/v2\/comments?post=483"}],"version-history":[{"count":50,"href":"https:\/\/fmviersen.de\/en\/wp-json\/wp\/v2\/pages\/483\/revisions"}],"predecessor-version":[{"id":1319,"href":"https:\/\/fmviersen.de\/en\/wp-json\/wp\/v2\/pages\/483\/revisions\/1319"}],"wp:attachment":[{"href":"https:\/\/fmviersen.de\/en\/wp-json\/wp\/v2\/media?parent=483"}],"curies":[{"name":"wp","href":"https:\/\/api.w.org\/{rel}","templated":true}]}}