{"id":508,"date":"2020-10-11T13:49:09","date_gmt":"2020-10-11T13:49:09","guid":{"rendered":"https:\/\/fmviersen.de\/?page_id=508"},"modified":"2024-07-10T07:49:22","modified_gmt":"2024-07-10T07:49:22","slug":"bueroraeume","status":"publish","type":"page","link":"https:\/\/fmviersen.de\/en\/bueroraeume\/","title":{"rendered":"Office spaces"},"content":{"rendered":"<div data-elementor-type=\"wp-page\" data-elementor-id=\"508\" class=\"elementor elementor-508\" data-elementor-post-type=\"page\">\n\t\t\t\t\t\t<section class=\"elementor-section elementor-top-section elementor-element elementor-element-50978000 elementor-section-content-middle elementor-section-boxed elementor-section-height-default elementor-section-height-default\" data-id=\"50978000\" data-element_type=\"section\">\n\t\t\t\t\t\t<div class=\"elementor-container elementor-column-gap-no\">\n\t\t\t\t\t<div class=\"elementor-column elementor-col-50 elementor-top-column elementor-element elementor-element-40a17607\" data-id=\"40a17607\" data-element_type=\"column\">\n\t\t\t<div class=\"elementor-widget-wrap elementor-element-populated\">\n\t\t\t\t\t\t<div class=\"elementor-element elementor-element-1235ae6 elementor-widget elementor-widget-image\" data-id=\"1235ae6\" data-element_type=\"widget\" data-widget_type=\"image.default\">\n\t\t\t\t<div class=\"elementor-widget-container\">\n\t\t\t\t\t\t\t\t\t\t\t\t\t\t\t<img fetchpriority=\"high\" decoding=\"async\" width=\"1024\" height=\"683\" src=\"https:\/\/fmviersen.de\/wp-content\/uploads\/2021\/01\/Buero-1024x683.jpg\" class=\"attachment-large size-large wp-image-804\" alt=\"\" srcset=\"https:\/\/fmviersen.de\/wp-content\/uploads\/2021\/01\/Buero-1024x683.jpg 1024w, https:\/\/fmviersen.de\/wp-content\/uploads\/2021\/01\/Buero-300x200.jpg 300w, https:\/\/fmviersen.de\/wp-content\/uploads\/2021\/01\/Buero-768x512.jpg 768w, https:\/\/fmviersen.de\/wp-content\/uploads\/2021\/01\/elementor\/thumbs\/Buero-p1xeq20bqj2c2oox0gfq8w8j3j6vb9dhujlnhhe4yo.jpg 600w, https:\/\/fmviersen.de\/wp-content\/uploads\/2021\/01\/Buero.jpg 1200w\" sizes=\"(max-width: 1024px) 100vw, 1024px\" \/>\t\t\t\t\t\t\t\t\t\t\t\t\t\t\t<\/div>\n\t\t\t\t<\/div>\n\t\t\t\t\t<\/div>\n\t\t<\/div>\n\t\t\t\t<div class=\"elementor-column elementor-col-50 elementor-top-column elementor-element elementor-element-5a97b5cc\" data-id=\"5a97b5cc\" data-element_type=\"column\">\n\t\t\t<div class=\"elementor-widget-wrap elementor-element-populated\">\n\t\t\t\t\t\t<div class=\"elementor-element elementor-element-691c1caf elementor-widget elementor-widget-heading\" data-id=\"691c1caf\" data-element_type=\"widget\" data-widget_type=\"heading.default\">\n\t\t\t\t<div class=\"elementor-widget-container\">\n\t\t\t\t\t<h4 class=\"elementor-heading-title elementor-size-default\">Office spaces<\/h4>\t\t\t\t<\/div>\n\t\t\t\t<\/div>\n\t\t\t\t<div class=\"elementor-element elementor-element-7bbe1772 elementor-widget elementor-widget-text-editor\" data-id=\"7bbe1772\" data-element_type=\"widget\" data-widget_type=\"text-editor.default\">\n\t\t\t\t<div class=\"elementor-widget-container\">\n\t\t\t\t\t\t\t\t\t<ul>\n<li>10<span style=\"font-family: Roboto, sans-serif; font-size: 15px; font-style: normal; font-variant-ligatures: normal; font-variant-caps: normal; font-weight: 500;\">m\u00b2<\/span>&nbsp;to &gt;1000m\u00b2<\/li>\n<li>Can be used in a variety of ways as office\/training rooms or for healthcare rooms<\/li>\n<li>Flexible and individually designable<\/li>\n<li>Modern in a historical ambience<\/li>\n<li>Contemporary technical equipment options<\/li>\n<li>With communal kitchen and lounges<\/li>\n<li>Sufficient parking directly at the building<\/li>\n<li>Good public transport connections<\/li>\n<li>Conference rooms are available and can be booked additionally<\/li>\n<li>Sufficient passenger and freight lifts available<\/li>\n<li>Spacious corridors and staircases<\/li>\n<\/ul>\t\t\t\t\t\t\t\t<\/div>\n\t\t\t\t<\/div>\n\t\t\t\t<div class=\"elementor-element elementor-element-1f7eb26f elementor-tablet-align-center elementor-widget elementor-widget-button\" data-id=\"1f7eb26f\" data-element_type=\"widget\" data-widget_type=\"button.default\">\n\t\t\t\t<div class=\"elementor-widget-container\">\n\t\t\t\t\t\t\t\t\t<div class=\"elementor-button-wrapper\">\n\t\t\t\t\t<a class=\"elementor-button elementor-button-link elementor-size-sm elementor-animation-grow\" href=\"https:\/\/fmviersen.de\/en\/kontakt\/\">\n\t\t\t\t\t\t<span class=\"elementor-button-content-wrapper\">\n\t\t\t\t\t\t\t\t\t<span class=\"elementor-button-text\">Contact<\/span>\n\t\t\t\t\t<\/span>\n\t\t\t\t\t<\/a>\n\t\t\t\t<\/div>\n\t\t\t\t\t\t\t\t<\/div>\n\t\t\t\t<\/div>\n\t\t\t\t\t<\/div>\n\t\t<\/div>\n\t\t\t\t\t<\/div>\n\t\t<\/section>\n\t\t\t\t<\/div>","protected":false},"excerpt":{"rendered":"<p>B\u00fcror\u00e4ume 10m\u00b2&nbsp;bis &gt;1000m\u00b2 Vielf\u00e4ltig nutzbar als B\u00fcro-\/Schulungsr\u00e4ume oder f\u00fcr R\u00e4ume des Gesundheitswesens Flexibel und individuell gestaltbar Modern im historischen Ambiente Zeitgem\u00e4\u00dfe technische Ausstattungsm\u00f6glichkeiten Mit Gemeinschaftsteek\u00fcche und Aufenthaltsr\u00e4umen Gen\u00fcgend Parkm\u00f6glichkeiten unmittelbar am Geb\u00e4ude Gute \u00f6ffentliche Anbindung Konferenzr\u00e4ume sind vorhanden und k\u00f6nnen dazugebucht werden Personen- und Lastenaufz\u00fcge ausreichend vorhanden Ger\u00e4umige Flure und Treppenh\u00e4user Kontakt aufnehmen<\/p>","protected":false},"author":1,"featured_media":0,"parent":0,"menu_order":0,"comment_status":"closed","ping_status":"closed","template":"","meta":{"ocean_post_layout":"full-screen","ocean_both_sidebars_style":"","ocean_both_sidebars_content_width":0,"ocean_both_sidebars_sidebars_width":0,"ocean_sidebar":"0","ocean_second_sidebar":"0","ocean_disable_margins":"enable","ocean_add_body_class":"","ocean_shortcode_before_top_bar":"","ocean_shortcode_after_top_bar":"","ocean_shortcode_before_header":"","ocean_shortcode_after_header":"","ocean_has_shortcode":"","ocean_shortcode_after_title":"","ocean_shortcode_before_footer_widgets":"","ocean_shortcode_after_footer_widgets":"","ocean_shortcode_before_footer_bottom":"","ocean_shortcode_after_footer_bottom":"","ocean_display_top_bar":"default","ocean_display_header":"default","ocean_header_style":"","ocean_center_header_left_menu":"0","ocean_custom_header_template":"0","ocean_custom_logo":0,"ocean_custom_retina_logo":0,"ocean_custom_logo_max_width":0,"ocean_custom_logo_tablet_max_width":0,"ocean_custom_logo_mobile_max_width":0,"ocean_custom_logo_max_height":0,"ocean_custom_logo_tablet_max_height":0,"ocean_custom_logo_mobile_max_height":0,"ocean_header_custom_menu":"0","ocean_menu_typo_font_family":"0","ocean_menu_typo_font_subset":"","ocean_menu_typo_font_size":0,"ocean_menu_typo_font_size_tablet":0,"ocean_menu_typo_font_size_mobile":0,"ocean_menu_typo_font_size_unit":"px","ocean_menu_typo_font_weight":"","ocean_menu_typo_font_weight_tablet":"","ocean_menu_typo_font_weight_mobile":"","ocean_menu_typo_transform":"","ocean_menu_typo_transform_tablet":"","ocean_menu_typo_transform_mobile":"","ocean_menu_typo_line_height":0,"ocean_menu_typo_line_height_tablet":0,"ocean_menu_typo_line_height_mobile":0,"ocean_menu_typo_line_height_unit":"","ocean_menu_typo_spacing":0,"ocean_menu_typo_spacing_tablet":0,"ocean_menu_typo_spacing_mobile":0,"ocean_menu_typo_spacing_unit":"","ocean_menu_link_color":"","ocean_menu_link_color_hover":"","ocean_menu_link_color_active":"","ocean_menu_link_background":"","ocean_menu_link_hover_background":"","ocean_menu_link_active_background":"","ocean_menu_social_links_bg":"","ocean_menu_social_hover_links_bg":"","ocean_menu_social_links_color":"","ocean_menu_social_hover_links_color":"","ocean_disable_title":"on","ocean_disable_heading":"default","ocean_post_title":"","ocean_post_subheading":"","ocean_post_title_style":"","ocean_post_title_background_color":"","ocean_post_title_background":0,"ocean_post_title_bg_image_position":"","ocean_post_title_bg_image_attachment":"","ocean_post_title_bg_image_repeat":"","ocean_post_title_bg_image_size":"","ocean_post_title_height":0,"ocean_post_title_bg_overlay":0.5,"ocean_post_title_bg_overlay_color":"","ocean_disable_breadcrumbs":"default","ocean_breadcrumbs_color":"","ocean_breadcrumbs_separator_color":"","ocean_breadcrumbs_links_color":"","ocean_breadcrumbs_links_hover_color":"","ocean_display_footer_widgets":"default","ocean_display_footer_bottom":"default","ocean_custom_footer_template":"0","footnotes":""},"class_list":["post-508","page","type-page","status-publish","hentry","entry"],"yoast_head":"<!-- This site is optimized with the Yoast SEO plugin v24.6 - https:\/\/yoast.com\/wordpress\/plugins\/seo\/ -->\n<title>B\u00fcror\u00e4ume -<\/title>\n<meta name=\"robots\" content=\"index, follow, max-snippet:-1, max-image-preview:large, max-video-preview:-1\" \/>\n<link rel=\"canonical\" href=\"https:\/\/fmviersen.de\/en\/bueroraeume\/\" \/>\n<meta property=\"og:locale\" content=\"en_GB\" \/>\n<meta property=\"og:type\" content=\"article\" \/>\n<meta property=\"og:title\" content=\"B\u00fcror\u00e4ume -\" \/>\n<meta property=\"og:description\" content=\"B\u00fcror\u00e4ume 10m\u00b2&nbsp;bis &gt;1000m\u00b2 Vielf\u00e4ltig nutzbar als B\u00fcro-\/Schulungsr\u00e4ume oder f\u00fcr R\u00e4ume des Gesundheitswesens Flexibel und individuell gestaltbar Modern im historischen Ambiente Zeitgem\u00e4\u00dfe technische Ausstattungsm\u00f6glichkeiten Mit Gemeinschaftsteek\u00fcche und Aufenthaltsr\u00e4umen Gen\u00fcgend Parkm\u00f6glichkeiten unmittelbar am Geb\u00e4ude Gute \u00f6ffentliche Anbindung Konferenzr\u00e4ume sind vorhanden und k\u00f6nnen dazugebucht werden Personen- und Lastenaufz\u00fcge ausreichend vorhanden Ger\u00e4umige Flure und Treppenh\u00e4user Kontakt aufnehmen\" \/>\n<meta property=\"og:url\" content=\"https:\/\/fmviersen.de\/en\/bueroraeume\/\" \/>\n<meta property=\"article:modified_time\" content=\"2024-07-10T07:49:22+00:00\" \/>\n<meta property=\"og:image\" content=\"https:\/\/fmviersen.de\/wp-content\/uploads\/2021\/01\/Buero-1024x683.jpg\" \/>\n<meta name=\"twitter:card\" content=\"summary_large_image\" \/>\n<script type=\"application\/ld+json\" class=\"yoast-schema-graph\">{\"@context\":\"https:\/\/schema.org\",\"@graph\":[{\"@type\":\"WebPage\",\"@id\":\"https:\/\/fmviersen.de\/bueroraeume\/\",\"url\":\"https:\/\/fmviersen.de\/bueroraeume\/\",\"name\":\"B\u00fcror\u00e4ume -\",\"isPartOf\":{\"@id\":\"https:\/\/fmviersen.de\/#website\"},\"primaryImageOfPage\":{\"@id\":\"https:\/\/fmviersen.de\/bueroraeume\/#primaryimage\"},\"image\":{\"@id\":\"https:\/\/fmviersen.de\/bueroraeume\/#primaryimage\"},\"thumbnailUrl\":\"https:\/\/fmviersen.de\/wp-content\/uploads\/2021\/01\/Buero-1024x683.jpg\",\"datePublished\":\"2020-10-11T13:49:09+00:00\",\"dateModified\":\"2024-07-10T07:49:22+00:00\",\"breadcrumb\":{\"@id\":\"https:\/\/fmviersen.de\/bueroraeume\/#breadcrumb\"},\"inLanguage\":\"en-GB\",\"potentialAction\":[{\"@type\":\"ReadAction\",\"target\":[\"https:\/\/fmviersen.de\/bueroraeume\/\"]}]},{\"@type\":\"ImageObject\",\"inLanguage\":\"en-GB\",\"@id\":\"https:\/\/fmviersen.de\/bueroraeume\/#primaryimage\",\"url\":\"https:\/\/fmviersen.de\/wp-content\/uploads\/2021\/01\/Buero-1024x683.jpg\",\"contentUrl\":\"https:\/\/fmviersen.de\/wp-content\/uploads\/2021\/01\/Buero-1024x683.jpg\"},{\"@type\":\"BreadcrumbList\",\"@id\":\"https:\/\/fmviersen.de\/bueroraeume\/#breadcrumb\",\"itemListElement\":[{\"@type\":\"ListItem\",\"position\":1,\"name\":\"Startseite\",\"item\":\"https:\/\/fmviersen.de\/\"},{\"@type\":\"ListItem\",\"position\":2,\"name\":\"B\u00fcror\u00e4ume\"}]},{\"@type\":\"WebSite\",\"@id\":\"https:\/\/fmviersen.de\/#website\",\"url\":\"https:\/\/fmviersen.de\/\",\"name\":\"\",\"description\":\"\",\"potentialAction\":[{\"@type\":\"SearchAction\",\"target\":{\"@type\":\"EntryPoint\",\"urlTemplate\":\"https:\/\/fmviersen.de\/?s={search_term_string}\"},\"query-input\":{\"@type\":\"PropertyValueSpecification\",\"valueRequired\":true,\"valueName\":\"search_term_string\"}}],\"inLanguage\":\"en-GB\"}]}<\/script>\n<!-- \/ Yoast SEO plugin. -->","yoast_head_json":{"title":"B\u00fcror\u00e4ume -","robots":{"index":"index","follow":"follow","max-snippet":"max-snippet:-1","max-image-preview":"max-image-preview:large","max-video-preview":"max-video-preview:-1"},"canonical":"https:\/\/fmviersen.de\/en\/bueroraeume\/","og_locale":"en_GB","og_type":"article","og_title":"B\u00fcror\u00e4ume -","og_description":"B\u00fcror\u00e4ume 10m\u00b2&nbsp;bis &gt;1000m\u00b2 Vielf\u00e4ltig nutzbar als B\u00fcro-\/Schulungsr\u00e4ume oder f\u00fcr R\u00e4ume des Gesundheitswesens Flexibel und individuell gestaltbar Modern im historischen Ambiente Zeitgem\u00e4\u00dfe technische Ausstattungsm\u00f6glichkeiten Mit Gemeinschaftsteek\u00fcche und Aufenthaltsr\u00e4umen Gen\u00fcgend Parkm\u00f6glichkeiten unmittelbar am Geb\u00e4ude Gute \u00f6ffentliche Anbindung Konferenzr\u00e4ume sind vorhanden und k\u00f6nnen dazugebucht werden Personen- und Lastenaufz\u00fcge ausreichend vorhanden Ger\u00e4umige Flure und Treppenh\u00e4user Kontakt aufnehmen","og_url":"https:\/\/fmviersen.de\/en\/bueroraeume\/","article_modified_time":"2024-07-10T07:49:22+00:00","og_image":[{"url":"https:\/\/fmviersen.de\/wp-content\/uploads\/2021\/01\/Buero-1024x683.jpg","type":"","width":"","height":""}],"twitter_card":"summary_large_image","schema":{"@context":"https:\/\/schema.org","@graph":[{"@type":"WebPage","@id":"https:\/\/fmviersen.de\/bueroraeume\/","url":"https:\/\/fmviersen.de\/bueroraeume\/","name":"B\u00fcror\u00e4ume -","isPartOf":{"@id":"https:\/\/fmviersen.de\/#website"},"primaryImageOfPage":{"@id":"https:\/\/fmviersen.de\/bueroraeume\/#primaryimage"},"image":{"@id":"https:\/\/fmviersen.de\/bueroraeume\/#primaryimage"},"thumbnailUrl":"https:\/\/fmviersen.de\/wp-content\/uploads\/2021\/01\/Buero-1024x683.jpg","datePublished":"2020-10-11T13:49:09+00:00","dateModified":"2024-07-10T07:49:22+00:00","breadcrumb":{"@id":"https:\/\/fmviersen.de\/bueroraeume\/#breadcrumb"},"inLanguage":"en-GB","potentialAction":[{"@type":"ReadAction","target":["https:\/\/fmviersen.de\/bueroraeume\/"]}]},{"@type":"ImageObject","inLanguage":"en-GB","@id":"https:\/\/fmviersen.de\/bueroraeume\/#primaryimage","url":"https:\/\/fmviersen.de\/wp-content\/uploads\/2021\/01\/Buero-1024x683.jpg","contentUrl":"https:\/\/fmviersen.de\/wp-content\/uploads\/2021\/01\/Buero-1024x683.jpg"},{"@type":"BreadcrumbList","@id":"https:\/\/fmviersen.de\/bueroraeume\/#breadcrumb","itemListElement":[{"@type":"ListItem","position":1,"name":"Startseite","item":"https:\/\/fmviersen.de\/"},{"@type":"ListItem","position":2,"name":"B\u00fcror\u00e4ume"}]},{"@type":"WebSite","@id":"https:\/\/fmviersen.de\/#website","url":"https:\/\/fmviersen.de\/","name":"","description":"","potentialAction":[{"@type":"SearchAction","target":{"@type":"EntryPoint","urlTemplate":"https:\/\/fmviersen.de\/?s={search_term_string}"},"query-input":{"@type":"PropertyValueSpecification","valueRequired":true,"valueName":"search_term_string"}}],"inLanguage":"en-GB"}]}},"_links":{"self":[{"href":"https:\/\/fmviersen.de\/en\/wp-json\/wp\/v2\/pages\/508","targetHints":{"allow":["GET"]}}],"collection":[{"href":"https:\/\/fmviersen.de\/en\/wp-json\/wp\/v2\/pages"}],"about":[{"href":"https:\/\/fmviersen.de\/en\/wp-json\/wp\/v2\/types\/page"}],"author":[{"embeddable":true,"href":"https:\/\/fmviersen.de\/en\/wp-json\/wp\/v2\/users\/1"}],"replies":[{"embeddable":true,"href":"https:\/\/fmviersen.de\/en\/wp-json\/wp\/v2\/comments?post=508"}],"version-history":[{"count":28,"href":"https:\/\/fmviersen.de\/en\/wp-json\/wp\/v2\/pages\/508\/revisions"}],"predecessor-version":[{"id":1429,"href":"https:\/\/fmviersen.de\/en\/wp-json\/wp\/v2\/pages\/508\/revisions\/1429"}],"wp:attachment":[{"href":"https:\/\/fmviersen.de\/en\/wp-json\/wp\/v2\/media?parent=508"}],"curies":[{"name":"wp","href":"https:\/\/api.w.org\/{rel}","templated":true}]}}